{"id":63923,"date":"2023-11-04T00:04:19","date_gmt":"2023-11-03T23:04:19","guid":{"rendered":"http:\/\/innocentiemangonipiante.it\/cedrus-atlantica\/"},"modified":"2023-11-06T14:15:52","modified_gmt":"2023-11-06T13:15:52","slug":"cedrus-atlantica","status":"publish","type":"product","link":"https:\/\/innocentiemangonipiante.it\/fr\/cedrus-atlantica\/","title":{"rendered":"CEDRUS atlantica"},"content":{"rendered":"<p>\u2018C\u00e8dre de l\u2019Atlas\u2019. Conif\u00e8re au niveau \u00e9lev\u00e9 de croissance. Les aiguilles sont rigides, pointues, de couleur vert fonc\u00e9 et d\u2019une longueur de 2,5 cm. Les branches ont un port \u00e9rig\u00e9 quand elles sont jeunes et plus \u00e9largies ensuite. Il donne des c\u00f4nes, d\u2019abord verts puis marron clair, de 6 \u00e0 10 cm de longueur.<\/p>\n","protected":false},"excerpt":{"rendered":"<p>\u2018C\u00e8dre de l\u2019Atlas\u2019. Conif\u00e8re au niveau \u00e9lev\u00e9 de croissance. Les aiguilles sont rigides, pointues, de couleur vert fonc\u00e9 et d\u2019une longueur de 2,5 cm. Les branches ont un port \u00e9rig\u00e9 quand elles sont jeunes et plus \u00e9largies ensuite. Il donne des c\u00f4nes, d\u2019abord verts puis marron clair, de 6 \u00e0 10 cm de longueur.<\/p>\n","protected":false},"featured_media":21194,"template":"","meta":{"_acf_changed":false},"product_brand":[],"product_cat":[8824,9230],"product_tag":[10897],"class_list":{"0":"post-63923","1":"product","2":"type-product","3":"status-publish","4":"has-post-thumbnail","6":"product_cat-coniferes","7":"product_cat-arbres-et-plantes-du-futur","8":"product_tag-naturelle","9":"pa_altezza-massima-30-metres","10":"pa_altezza-massima-40-metres","11":"pa_condizionamento-clt-fr","12":"pa_condizionamento-vs-fr","13":"pa_condizionamento-motte","14":"pa_famiglia-pinaceae-fr","15":"pa_genere-cedrus-fr","16":"pa_inquinamento-resistance-a-la-pollution","17":"pa_origine-maroc","18":"pa_portamento-piramidale-fr","19":"pa_resistenza-climatica-tres-elevee","20":"pa_resistenza-del-suolo-resistant-aux-sols-calcaires","21":"pa_resistenza-del-suolo-resistant-aux-sols-pauvres","22":"pa_resistenza-del-suolo-resistant-aux-sols-secs","23":"pa_utilizzo-parcs","25":"first","26":"instock","27":"purchasable","28":"product-type-simple"},"acf":[],"_links":{"self":[{"href":"https:\/\/innocentiemangonipiante.it\/fr\/wp-json\/wp\/v2\/product\/63923","targetHints":{"allow":["GET"]}}],"collection":[{"href":"https:\/\/innocentiemangonipiante.it\/fr\/wp-json\/wp\/v2\/product"}],"about":[{"href":"https:\/\/innocentiemangonipiante.it\/fr\/wp-json\/wp\/v2\/types\/product"}],"wp:featuredmedia":[{"embeddable":true,"href":"https:\/\/innocentiemangonipiante.it\/fr\/wp-json\/wp\/v2\/media\/21194"}],"wp:attachment":[{"href":"https:\/\/innocentiemangonipiante.it\/fr\/wp-json\/wp\/v2\/media?parent=63923"}],"wp:term":[{"taxonomy":"product_brand","embeddable":true,"href":"https:\/\/innocentiemangonipiante.it\/fr\/wp-json\/wp\/v2\/product_brand?post=63923"},{"taxonomy":"product_cat","embeddable":true,"href":"https:\/\/innocentiemangonipiante.it\/fr\/wp-json\/wp\/v2\/product_cat?post=63923"},{"taxonomy":"product_tag","embeddable":true,"href":"https:\/\/innocentiemangonipiante.it\/fr\/wp-json\/wp\/v2\/product_tag?post=63923"}],"curies":[{"name":"wp","href":"https:\/\/api.w.org\/{rel}","templated":true}]}}