{"id":63924,"date":"2023-11-04T00:05:05","date_gmt":"2023-11-03T23:05:05","guid":{"rendered":"http:\/\/innocentiemangonipiante.it\/cedrus-atlantica-nana\/"},"modified":"2023-11-06T14:16:19","modified_gmt":"2023-11-06T13:16:19","slug":"cedrus-atlantica-nana","status":"publish","type":"product","link":"https:\/\/innocentiemangonipiante.it\/fr\/cedrus-atlantica-nana\/","title":{"rendered":"CEDRUS atlantica &lsquo;Nana&rsquo;"},"content":{"rendered":"<p>Conif\u00e8re au port compact et arrondi. Les aiguilles sont rigides, quadrilat\u00e9rales, pointues et de couleur vert. La forme globuleuse et la croissance lente en font une excellente vari\u00e9t\u00e9 pour les jardins de petites \u00e0 moyennes dimensions.<\/p>\n","protected":false},"excerpt":{"rendered":"<p>Conif\u00e8re au port compact et arrondi. Les aiguilles sont rigides, quadrilat\u00e9rales, pointues et de couleur vert. La forme globuleuse et la croissance lente en font une excellente vari\u00e9t\u00e9 pour les jardins de petites \u00e0 moyennes dimensions.<\/p>\n","protected":false},"featured_media":21222,"template":"","meta":{"_acf_changed":false},"product_brand":[],"product_cat":[8824],"product_tag":[10897],"class_list":{"0":"post-63924","1":"product","2":"type-product","3":"status-publish","4":"has-post-thumbnail","6":"product_cat-coniferes","7":"product_tag-naturelle","8":"pa_altezza-massima-300-fr-2","9":"pa_altezza-massima-400-fr","10":"pa_condizionamento-clt-fr","11":"pa_famiglia-pinaceae-fr","12":"pa_genere-cedrus-fr","13":"pa_origine-europe-mediterraneenne","14":"pa_portamento-arrondi","15":"pa_resistenza-climatica-tres-elevee","16":"pa_resistenza-del-suolo-resistant-aux-sols-calcaires","17":"pa_resistenza-del-suolo-resistant-aux-sols-pauvres","18":"pa_resistenza-del-suolo-resistant-aux-sols-secs","19":"pa_utilizzo-petits-jardins","21":"first","22":"instock","23":"purchasable","24":"product-type-simple"},"acf":[],"_links":{"self":[{"href":"https:\/\/innocentiemangonipiante.it\/fr\/wp-json\/wp\/v2\/product\/63924","targetHints":{"allow":["GET"]}}],"collection":[{"href":"https:\/\/innocentiemangonipiante.it\/fr\/wp-json\/wp\/v2\/product"}],"about":[{"href":"https:\/\/innocentiemangonipiante.it\/fr\/wp-json\/wp\/v2\/types\/product"}],"wp:featuredmedia":[{"embeddable":true,"href":"https:\/\/innocentiemangonipiante.it\/fr\/wp-json\/wp\/v2\/media\/21222"}],"wp:attachment":[{"href":"https:\/\/innocentiemangonipiante.it\/fr\/wp-json\/wp\/v2\/media?parent=63924"}],"wp:term":[{"taxonomy":"product_brand","embeddable":true,"href":"https:\/\/innocentiemangonipiante.it\/fr\/wp-json\/wp\/v2\/product_brand?post=63924"},{"taxonomy":"product_cat","embeddable":true,"href":"https:\/\/innocentiemangonipiante.it\/fr\/wp-json\/wp\/v2\/product_cat?post=63924"},{"taxonomy":"product_tag","embeddable":true,"href":"https:\/\/innocentiemangonipiante.it\/fr\/wp-json\/wp\/v2\/product_tag?post=63924"}],"curies":[{"name":"wp","href":"https:\/\/api.w.org\/{rel}","templated":true}]}}