{"id":63927,"date":"2023-11-04T00:16:34","date_gmt":"2023-11-03T23:16:34","guid":{"rendered":"http:\/\/innocentiemangonipiante.it\/citrus-x-mitis-2\/"},"modified":"2023-11-06T14:22:24","modified_gmt":"2023-11-06T13:22:24","slug":"citrus-x-mitis-2","status":"publish","type":"product","link":"https:\/\/innocentiemangonipiante.it\/fr\/citrus-x-mitis-2\/","title":{"rendered":"CITRUS x mitis"},"content":{"rendered":"<p>\u201cCalamondin\u201d. Arbre ou arbuste moyen persistant au port arrondi. Fleurs d\u2019un blanc pur \u00e0 la fin du printemps. Suivies de fruits arrondis de couleur jaune orang\u00e9 et d\u2019un diam\u00e8tre de 2,5 \u00e0 3,5 cm. Plante tr\u00e8s d\u00e9corative.<\/p>\n","protected":false},"excerpt":{"rendered":"<p>\u201cCalamondin\u201d. Arbre ou arbuste moyen persistant au port arrondi. Fleurs d\u2019un blanc pur \u00e0 la fin du printemps. Suivies de fruits arrondis de couleur jaune orang\u00e9 et d\u2019un diam\u00e8tre de 2,5 \u00e0 3,5 cm. Plante tr\u00e8s d\u00e9corative.<\/p>\n","protected":false},"featured_media":38301,"template":"","meta":{"_acf_changed":false},"product_brand":[],"product_cat":[8817],"product_tag":[10897],"class_list":{"0":"post-63927","1":"product","2":"type-product","3":"status-publish","4":"has-post-thumbnail","6":"product_cat-arbres-et-arbustes-persistants","7":"product_tag-naturelle","8":"pa_altezza-massima-300-fr-2","9":"pa_altezza-massima-500-fr","10":"pa_colore-fioritura-blanc","11":"pa_famiglia-rutaceae-fr","12":"pa_genere-citrus-fr","13":"pa_origine-asie","14":"pa_periodo-fioritura-avril","15":"pa_portamento-arrondi","16":"pa_resistenza-climatica-plantes-avec-une-faible-resistance-climatique","17":"pa_resistenza-del-suolo-resistant-aux-sols-secs","18":"pa_utilizzo-balcons","19":"pa_utilizzo-petits-jardins","21":"first","22":"instock","23":"purchasable","24":"product-type-simple"},"acf":[],"_links":{"self":[{"href":"https:\/\/innocentiemangonipiante.it\/fr\/wp-json\/wp\/v2\/product\/63927","targetHints":{"allow":["GET"]}}],"collection":[{"href":"https:\/\/innocentiemangonipiante.it\/fr\/wp-json\/wp\/v2\/product"}],"about":[{"href":"https:\/\/innocentiemangonipiante.it\/fr\/wp-json\/wp\/v2\/types\/product"}],"wp:featuredmedia":[{"embeddable":true,"href":"https:\/\/innocentiemangonipiante.it\/fr\/wp-json\/wp\/v2\/media\/38301"}],"wp:attachment":[{"href":"https:\/\/innocentiemangonipiante.it\/fr\/wp-json\/wp\/v2\/media?parent=63927"}],"wp:term":[{"taxonomy":"product_brand","embeddable":true,"href":"https:\/\/innocentiemangonipiante.it\/fr\/wp-json\/wp\/v2\/product_brand?post=63927"},{"taxonomy":"product_cat","embeddable":true,"href":"https:\/\/innocentiemangonipiante.it\/fr\/wp-json\/wp\/v2\/product_cat?post=63927"},{"taxonomy":"product_tag","embeddable":true,"href":"https:\/\/innocentiemangonipiante.it\/fr\/wp-json\/wp\/v2\/product_tag?post=63927"}],"curies":[{"name":"wp","href":"https:\/\/api.w.org\/{rel}","templated":true}]}}