{"id":63931,"date":"2023-11-04T00:32:11","date_gmt":"2023-11-03T23:32:11","guid":{"rendered":"http:\/\/innocentiemangonipiante.it\/cryptomeria-japonica-elegans\/"},"modified":"2023-11-06T14:29:21","modified_gmt":"2023-11-06T13:29:21","slug":"cryptomeria-japonica-elegans-2","status":"publish","type":"product","link":"https:\/\/innocentiemangonipiante.it\/fr\/cryptomeria-japonica-elegans-2\/","title":{"rendered":"CRYPTOMERIA japonica &lsquo;Elegans&rsquo;"},"content":{"rendered":"<p>Conif\u00e8re au port conique irr\u00e9gulier. Les branches principales tendent \u00e0 pousser horizontalement en formant des \u00e9tages tr\u00e8s denses et proches les uns des autres. Ils donnent \u00e0 la plante un aspect assez compact. Le feuillage est aciculaire, souple, vert bleu\u00e2tre en \u00e9t\u00e9 et vire au marronbronz\u00e9 en hiver.<\/p>\n","protected":false},"excerpt":{"rendered":"<p>Conif\u00e8re au port conique irr\u00e9gulier. Les branches principales tendent \u00e0 pousser horizontalement en formant des \u00e9tages tr\u00e8s denses et proches les uns des autres. Ils donnent \u00e0 la plante un aspect assez compact. Le feuillage est aciculaire, souple, vert bleu\u00e2tre en \u00e9t\u00e9 et vire au marronbronz\u00e9 en hiver.<\/p>\n","protected":false},"featured_media":21681,"template":"","meta":{"_acf_changed":false},"product_brand":[],"product_cat":[8824],"product_tag":[10897],"class_list":{"0":"post-63931","1":"product","2":"type-product","3":"status-publish","4":"has-post-thumbnail","6":"product_cat-coniferes","7":"product_tag-naturelle","8":"pa_altezza-massima-600-fr","9":"pa_altezza-massima-900-fr","10":"pa_condizionamento-clt-fr","11":"pa_famiglia-taxodiaceae-fr","12":"pa_genere-cryptomeria-fr","13":"pa_origine-asie-orientale","14":"pa_resistenza-climatica-moyenne-elevee","15":"pa_resistenza-del-suolo-resistant-aux-sols-pauvres","16":"pa_salinita-resistance-a-la-salinisation","18":"first","19":"instock","20":"purchasable","21":"product-type-simple"},"acf":[],"_links":{"self":[{"href":"https:\/\/innocentiemangonipiante.it\/fr\/wp-json\/wp\/v2\/product\/63931","targetHints":{"allow":["GET"]}}],"collection":[{"href":"https:\/\/innocentiemangonipiante.it\/fr\/wp-json\/wp\/v2\/product"}],"about":[{"href":"https:\/\/innocentiemangonipiante.it\/fr\/wp-json\/wp\/v2\/types\/product"}],"wp:featuredmedia":[{"embeddable":true,"href":"https:\/\/innocentiemangonipiante.it\/fr\/wp-json\/wp\/v2\/media\/21681"}],"wp:attachment":[{"href":"https:\/\/innocentiemangonipiante.it\/fr\/wp-json\/wp\/v2\/media?parent=63931"}],"wp:term":[{"taxonomy":"product_brand","embeddable":true,"href":"https:\/\/innocentiemangonipiante.it\/fr\/wp-json\/wp\/v2\/product_brand?post=63931"},{"taxonomy":"product_cat","embeddable":true,"href":"https:\/\/innocentiemangonipiante.it\/fr\/wp-json\/wp\/v2\/product_cat?post=63931"},{"taxonomy":"product_tag","embeddable":true,"href":"https:\/\/innocentiemangonipiante.it\/fr\/wp-json\/wp\/v2\/product_tag?post=63931"}],"curies":[{"name":"wp","href":"https:\/\/api.w.org\/{rel}","templated":true}]}}