{"id":63945,"date":"2023-11-04T01:24:54","date_gmt":"2023-11-04T00:24:54","guid":{"rendered":"http:\/\/innocentiemangonipiante.it\/juniperus-scopulorum-wichita-blue\/"},"modified":"2023-11-06T14:59:03","modified_gmt":"2023-11-06T13:59:03","slug":"juniperus-scopulorum-wichita-blue","status":"publish","type":"product","link":"https:\/\/innocentiemangonipiante.it\/fr\/juniperus-scopulorum-wichita-blue\/","title":{"rendered":"JUNIPERUS scopulorum &lsquo;Wichita Blue&rsquo;"},"content":{"rendered":"<p>Conif\u00e8re au port \u00e9troitement \u00e9rig\u00e9 et aux branches ascendantes sur lesquelles se d\u00e9veloppe le feuillage de couleur gris-bleu clair. Plante rustique tr\u00e8s resistante aux maladies.<\/p>\n","protected":false},"excerpt":{"rendered":"<p>Conif\u00e8re au port \u00e9troitement \u00e9rig\u00e9 et aux branches ascendantes sur lesquelles se d\u00e9veloppe le feuillage de couleur gris-bleu clair. Plante rustique tr\u00e8s resistante aux maladies.<\/p>\n","protected":false},"featured_media":22713,"template":"","meta":{"_acf_changed":false},"product_brand":[],"product_cat":[8824],"product_tag":[10897],"class_list":{"0":"post-63945","1":"product","2":"type-product","3":"status-publish","4":"has-post-thumbnail","6":"product_cat-coniferes","7":"product_tag-naturelle","8":"pa_altezza-massima-400-fr","9":"pa_altezza-massima-600-fr","10":"pa_colore-delle-foglie-bleu","11":"pa_condizionamento-clt-fr","12":"pa_famiglia-cupressaceae-fr","13":"pa_genere-juniperus-fr","14":"pa_inquinamento-resistance-a-la-pollution","15":"pa_origine-europe-du-nord-fr-2","16":"pa_portamento-conico-fr","17":"pa_resistenza-climatica-tres-elevee","18":"pa_resistenza-del-suolo-resistant-aux-sols-secs","19":"pa_salinita-resistance-a-la-salinisation","20":"pa_utilizzo-parcs","21":"pa_utilizzo-petits-jardins","23":"first","24":"instock","25":"purchasable","26":"product-type-simple"},"acf":[],"_links":{"self":[{"href":"https:\/\/innocentiemangonipiante.it\/fr\/wp-json\/wp\/v2\/product\/63945","targetHints":{"allow":["GET"]}}],"collection":[{"href":"https:\/\/innocentiemangonipiante.it\/fr\/wp-json\/wp\/v2\/product"}],"about":[{"href":"https:\/\/innocentiemangonipiante.it\/fr\/wp-json\/wp\/v2\/types\/product"}],"wp:featuredmedia":[{"embeddable":true,"href":"https:\/\/innocentiemangonipiante.it\/fr\/wp-json\/wp\/v2\/media\/22713"}],"wp:attachment":[{"href":"https:\/\/innocentiemangonipiante.it\/fr\/wp-json\/wp\/v2\/media?parent=63945"}],"wp:term":[{"taxonomy":"product_brand","embeddable":true,"href":"https:\/\/innocentiemangonipiante.it\/fr\/wp-json\/wp\/v2\/product_brand?post=63945"},{"taxonomy":"product_cat","embeddable":true,"href":"https:\/\/innocentiemangonipiante.it\/fr\/wp-json\/wp\/v2\/product_cat?post=63945"},{"taxonomy":"product_tag","embeddable":true,"href":"https:\/\/innocentiemangonipiante.it\/fr\/wp-json\/wp\/v2\/product_tag?post=63945"}],"curies":[{"name":"wp","href":"https:\/\/api.w.org\/{rel}","templated":true}]}}