{"id":63949,"date":"2023-11-04T01:47:43","date_gmt":"2023-11-04T00:47:43","guid":{"rendered":"http:\/\/innocentiemangonipiante.it\/magnolia-x-royal-crown-2\/"},"modified":"2023-11-06T15:12:40","modified_gmt":"2023-11-06T14:12:40","slug":"magnolia-x-royal-crown-2","status":"publish","type":"product","link":"https:\/\/innocentiemangonipiante.it\/fr\/magnolia-x-royal-crown-2\/","title":{"rendered":"MAGNOLIA x &lsquo;Royal Crown&rsquo;"},"content":{"rendered":"<p>Arbuste caduque tr\u00e8s vigoureux. Il produit des fleurs de 12 p\u00e9tales de couleur rose intense \u00e0 l\u2019ext\u00e9rieur et blanche \u00e0 l\u2019int\u00e9rieur.<\/p>\n","protected":false},"excerpt":{"rendered":"<p>Arbuste caduque tr\u00e8s vigoureux. Il produit des fleurs de 12 p\u00e9tales de couleur rose intense \u00e0 l\u2019ext\u00e9rieur et blanche \u00e0 l\u2019int\u00e9rieur.<\/p>\n","protected":false},"featured_media":3940,"template":"","meta":{"_acf_changed":false},"product_brand":[],"product_cat":[8817],"product_tag":[10897,8400],"class_list":{"0":"post-63949","1":"product","2":"type-product","3":"status-publish","4":"has-post-thumbnail","6":"product_cat-arbres-et-arbustes-persistants","7":"product_tag-naturelle","8":"product_tag-tige","9":"pa_altezza-massima-800-fr","10":"pa_altezza-massima-1000-fr-2","11":"pa_colore-fioritura-rose","12":"pa_condizionamento-clt-fr","13":"pa_condizionamento-motte","14":"pa_famiglia-magnoliaceae-fr","15":"pa_genere-magnolia-fr","16":"pa_origine-origine-delle-piante-u-s-a","17":"pa_periodo-fioritura-avril","18":"pa_periodo-fioritura-mars","19":"pa_portamento-piramidale-fr","20":"pa_profumo-delicat","21":"pa_resistenza-climatica-tres-elevee","22":"pa_resistenza-del-suolo-resistant-au-sol-humide","23":"pa_utilizzo-parcs","25":"first","26":"instock","27":"purchasable","28":"product-type-simple"},"acf":[],"_links":{"self":[{"href":"https:\/\/innocentiemangonipiante.it\/fr\/wp-json\/wp\/v2\/product\/63949","targetHints":{"allow":["GET"]}}],"collection":[{"href":"https:\/\/innocentiemangonipiante.it\/fr\/wp-json\/wp\/v2\/product"}],"about":[{"href":"https:\/\/innocentiemangonipiante.it\/fr\/wp-json\/wp\/v2\/types\/product"}],"wp:featuredmedia":[{"embeddable":true,"href":"https:\/\/innocentiemangonipiante.it\/fr\/wp-json\/wp\/v2\/media\/3940"}],"wp:attachment":[{"href":"https:\/\/innocentiemangonipiante.it\/fr\/wp-json\/wp\/v2\/media?parent=63949"}],"wp:term":[{"taxonomy":"product_brand","embeddable":true,"href":"https:\/\/innocentiemangonipiante.it\/fr\/wp-json\/wp\/v2\/product_brand?post=63949"},{"taxonomy":"product_cat","embeddable":true,"href":"https:\/\/innocentiemangonipiante.it\/fr\/wp-json\/wp\/v2\/product_cat?post=63949"},{"taxonomy":"product_tag","embeddable":true,"href":"https:\/\/innocentiemangonipiante.it\/fr\/wp-json\/wp\/v2\/product_tag?post=63949"}],"curies":[{"name":"wp","href":"https:\/\/api.w.org\/{rel}","templated":true}]}}