{"id":63953,"date":"2023-11-04T01:59:01","date_gmt":"2023-11-04T00:59:01","guid":{"rendered":"http:\/\/innocentiemangonipiante.it\/musa-basjoo\/"},"modified":"2023-11-06T15:18:42","modified_gmt":"2023-11-06T14:18:42","slug":"musa-basjoo-2","status":"publish","type":"product","link":"https:\/\/innocentiemangonipiante.it\/fr\/musa-basjoo-2\/","title":{"rendered":"MUSA basjoo"},"content":{"rendered":"<p>Plante vivace, rejetante avec faux tiges fusel\u00e9es, d\u2019abord verts apr\u00e8s similaire au papier avec l\u2019\u00e2ge. Feuilles arqu\u00e9es vertes jusqu\u2019\u00e0 3 mt de longueur. En \u00e9t\u00e9 il produit des fleurs jaune clair, suivies par des fruits verd-jaune\u00e2tres de go\u00fbt d\u00e9sagr\u00e9able jusqu\u2019\u00e0 6cm longues.<\/p>\n","protected":false},"excerpt":{"rendered":"<p>Plante vivace, rejetante avec faux tiges fusel\u00e9es, d\u2019abord verts apr\u00e8s similaire au papier avec l\u2019\u00e2ge. Feuilles arqu\u00e9es vertes jusqu\u2019\u00e0 3 mt de longueur. En \u00e9t\u00e9 il produit des fleurs jaune clair, suivies par des fruits verd-jaune\u00e2tres de go\u00fbt d\u00e9sagr\u00e9able jusqu\u2019\u00e0 6cm longues.<\/p>\n","protected":false},"featured_media":51339,"template":"","meta":{"_acf_changed":false},"product_brand":[],"product_cat":[8833],"product_tag":[10897,8596],"class_list":{"0":"post-63953","1":"product","2":"type-product","3":"status-publish","4":"has-post-thumbnail","6":"product_cat-palme-et-succulent","7":"product_tag-naturelle","8":"product_tag-cepee","9":"pa_altezza-massima-300-fr-2","10":"pa_altezza-massima-500-fr","11":"pa_colore-fioritura-jaune","12":"pa_condizionamento-clt-fr","13":"pa_famiglia-musaceae-fr-fr","14":"pa_genere-musa-fr","15":"pa_origine-asie-orientale","16":"pa_periodo-fioritura-aout","17":"pa_periodo-fioritura-juillet","18":"pa_periodo-fruttificazione-octobre","19":"pa_portamento-eretto-fr","20":"pa_resistenza-climatica-moyenne","21":"pa_resistenza-del-suolo-resistant-au-sol-humide","22":"pa_utilizzo-parcs","23":"pa_utilizzo-petits-jardins","25":"first","26":"instock","27":"purchasable","28":"product-type-simple"},"acf":[],"_links":{"self":[{"href":"https:\/\/innocentiemangonipiante.it\/fr\/wp-json\/wp\/v2\/product\/63953","targetHints":{"allow":["GET"]}}],"collection":[{"href":"https:\/\/innocentiemangonipiante.it\/fr\/wp-json\/wp\/v2\/product"}],"about":[{"href":"https:\/\/innocentiemangonipiante.it\/fr\/wp-json\/wp\/v2\/types\/product"}],"wp:featuredmedia":[{"embeddable":true,"href":"https:\/\/innocentiemangonipiante.it\/fr\/wp-json\/wp\/v2\/media\/51339"}],"wp:attachment":[{"href":"https:\/\/innocentiemangonipiante.it\/fr\/wp-json\/wp\/v2\/media?parent=63953"}],"wp:term":[{"taxonomy":"product_brand","embeddable":true,"href":"https:\/\/innocentiemangonipiante.it\/fr\/wp-json\/wp\/v2\/product_brand?post=63953"},{"taxonomy":"product_cat","embeddable":true,"href":"https:\/\/innocentiemangonipiante.it\/fr\/wp-json\/wp\/v2\/product_cat?post=63953"},{"taxonomy":"product_tag","embeddable":true,"href":"https:\/\/innocentiemangonipiante.it\/fr\/wp-json\/wp\/v2\/product_tag?post=63953"}],"curies":[{"name":"wp","href":"https:\/\/api.w.org\/{rel}","templated":true}]}}