{"id":63965,"date":"2023-11-04T03:00:25","date_gmt":"2023-11-04T02:00:25","guid":{"rendered":"http:\/\/innocentiemangonipiante.it\/salix-babylonica-aurea-2\/"},"modified":"2023-11-06T15:55:51","modified_gmt":"2023-11-06T14:55:51","slug":"salix-babylonica-aurea-2","status":"publish","type":"product","link":"https:\/\/innocentiemangonipiante.it\/fr\/salix-babylonica-aurea-2\/","title":{"rendered":"SALIX babylonica &lsquo;Aurea&rsquo;"},"content":{"rendered":"<p>\u201cSaule dor\u00e9\u201d. Caract\u00e9ristiques semblables \u00e0 la vari\u00e9t\u00e9 Salix babylonica. Le bois, surtout pour les nouvelles v\u00e9g\u00e9tations, est de couleur jaune d\u2019or.<\/p>\n","protected":false},"excerpt":{"rendered":"<p>\u201cSaule dor\u00e9\u201d. Caract\u00e9ristiques semblables \u00e0 la vari\u00e9t\u00e9 Salix babylonica. Le bois, surtout pour les nouvelles v\u00e9g\u00e9tations, est de couleur jaune d\u2019or.<\/p>\n","protected":false},"featured_media":24611,"template":"","meta":{"_acf_changed":false},"product_brand":[],"product_cat":[8812],"product_tag":[10897,8400],"class_list":{"0":"post-63965","1":"product","2":"type-product","3":"status-publish","4":"has-post-thumbnail","6":"product_cat-arbres-et-arbustes-a-feuilles-caduques","7":"product_tag-naturelle","8":"product_tag-tige","9":"pa_altezza-massima-800-fr","10":"pa_altezza-massima-12-metres","11":"pa_colore-delle-foglie-jaune","12":"pa_condizionamento-clt-fr","13":"pa_condizionamento-motte","14":"pa_famiglia-salicaceae-fr","15":"pa_genere-salix-fr","16":"pa_origine-asie-orientale","17":"pa_portamento-pleureur","18":"pa_resistenza-climatica-moyenne-elevee","19":"pa_resistenza-del-suolo-resistant-au-sol-humide","20":"pa_salinita-resistance-a-la-salinisation","21":"pa_utilizzo-parcs","23":"first","24":"instock","25":"purchasable","26":"product-type-simple"},"acf":[],"_links":{"self":[{"href":"https:\/\/innocentiemangonipiante.it\/fr\/wp-json\/wp\/v2\/product\/63965","targetHints":{"allow":["GET"]}}],"collection":[{"href":"https:\/\/innocentiemangonipiante.it\/fr\/wp-json\/wp\/v2\/product"}],"about":[{"href":"https:\/\/innocentiemangonipiante.it\/fr\/wp-json\/wp\/v2\/types\/product"}],"wp:featuredmedia":[{"embeddable":true,"href":"https:\/\/innocentiemangonipiante.it\/fr\/wp-json\/wp\/v2\/media\/24611"}],"wp:attachment":[{"href":"https:\/\/innocentiemangonipiante.it\/fr\/wp-json\/wp\/v2\/media?parent=63965"}],"wp:term":[{"taxonomy":"product_brand","embeddable":true,"href":"https:\/\/innocentiemangonipiante.it\/fr\/wp-json\/wp\/v2\/product_brand?post=63965"},{"taxonomy":"product_cat","embeddable":true,"href":"https:\/\/innocentiemangonipiante.it\/fr\/wp-json\/wp\/v2\/product_cat?post=63965"},{"taxonomy":"product_tag","embeddable":true,"href":"https:\/\/innocentiemangonipiante.it\/fr\/wp-json\/wp\/v2\/product_tag?post=63965"}],"curies":[{"name":"wp","href":"https:\/\/api.w.org\/{rel}","templated":true}]}}