{"id":63968,"date":"2023-11-04T03:27:30","date_gmt":"2023-11-04T02:27:30","guid":{"rendered":"http:\/\/innocentiemangonipiante.it\/wisteria-sinensis-2\/"},"modified":"2023-11-06T16:11:49","modified_gmt":"2023-11-06T15:11:49","slug":"wisteria-sinensis-2","status":"publish","type":"product","link":"https:\/\/innocentiemangonipiante.it\/fr\/wisteria-sinensis-2\/","title":{"rendered":"WISTERIA sinensis"},"content":{"rendered":"<p>Les branches s\u2019enroulent dans le sens des aiguilles d\u2019une montre. Fleurs de couleur violet-lilas, parfum\u00e9es avec des grappes d\u2019une longueur de 20-30 cm, pleines et tr\u00e8s voyantes. Fleurit d\u00e8s la 2\u00e8me-3\u00e8me ann\u00e9e.<\/p>\n","protected":false},"excerpt":{"rendered":"<p>Les branches s\u2019enroulent dans le sens des aiguilles d\u2019une montre. Fleurs de couleur violet-lilas, parfum\u00e9es avec des grappes d\u2019une longueur de 20-30 cm, pleines et tr\u00e8s voyantes. Fleurit d\u00e8s la 2\u00e8me-3\u00e8me ann\u00e9e.<\/p>\n","protected":false},"featured_media":25117,"template":"","meta":{"_acf_changed":false},"product_brand":[],"product_cat":[8836],"product_tag":[10897],"class_list":{"0":"post-63968","1":"product","2":"type-product","3":"status-publish","4":"has-post-thumbnail","6":"product_cat-lianes","7":"product_tag-naturelle","8":"pa_altezza-massima-1000-fr-2","9":"pa_altezza-massima-15-metres","10":"pa_colore-fioritura-violet-fr","11":"pa_famiglia-leguminosae-fr","12":"pa_genere-wisteria-fr","13":"pa_origine-chine","14":"pa_periodo-fioritura-avril","15":"pa_profumo-intense-fr","16":"pa_resistenza-climatica-tres-elevee","17":"pa_resistenza-del-suolo-resistant-aux-sols-calcaires","18":"pa_salinita-resistance-a-la-salinisation","19":"pa_utilizzo-parcs","21":"first","22":"instock","23":"purchasable","24":"product-type-simple"},"acf":[],"_links":{"self":[{"href":"https:\/\/innocentiemangonipiante.it\/fr\/wp-json\/wp\/v2\/product\/63968","targetHints":{"allow":["GET"]}}],"collection":[{"href":"https:\/\/innocentiemangonipiante.it\/fr\/wp-json\/wp\/v2\/product"}],"about":[{"href":"https:\/\/innocentiemangonipiante.it\/fr\/wp-json\/wp\/v2\/types\/product"}],"wp:featuredmedia":[{"embeddable":true,"href":"https:\/\/innocentiemangonipiante.it\/fr\/wp-json\/wp\/v2\/media\/25117"}],"wp:attachment":[{"href":"https:\/\/innocentiemangonipiante.it\/fr\/wp-json\/wp\/v2\/media?parent=63968"}],"wp:term":[{"taxonomy":"product_brand","embeddable":true,"href":"https:\/\/innocentiemangonipiante.it\/fr\/wp-json\/wp\/v2\/product_brand?post=63968"},{"taxonomy":"product_cat","embeddable":true,"href":"https:\/\/innocentiemangonipiante.it\/fr\/wp-json\/wp\/v2\/product_cat?post=63968"},{"taxonomy":"product_tag","embeddable":true,"href":"https:\/\/innocentiemangonipiante.it\/fr\/wp-json\/wp\/v2\/product_tag?post=63968"}],"curies":[{"name":"wp","href":"https:\/\/api.w.org\/{rel}","templated":true}]}}