{"id":65662,"date":"2024-08-12T09:48:57","date_gmt":"2024-08-12T07:48:57","guid":{"rendered":"https:\/\/innocentiemangonipiante.it\/cestrum-nocturnum\/"},"modified":"2024-08-12T09:48:57","modified_gmt":"2024-08-12T07:48:57","slug":"cestrum-nocturnum","status":"publish","type":"product","link":"https:\/\/innocentiemangonipiante.it\/fr\/cestrum-nocturnum\/","title":{"rendered":"CESTRUM nocturnum"},"content":{"rendered":"<p>Plante originaire de l&rsquo;Inde, peu r\u00e9sistante au froid. Elle produit des fleurs blanches en \u00e9t\u00e9 qui s&rsquo;ouvrent la nuit, offrant un parfum doux et intense. Pr\u00e9f\u00e8re les positions ensoleill\u00e9es. Peut \u00e9galement \u00eatre cultiv\u00e9e en pot.<\/p>\n","protected":false},"excerpt":{"rendered":"<p>Plante originaire de l&rsquo;Inde, peu r\u00e9sistante au froid. Elle produit des fleurs blanches en \u00e9t\u00e9 qui s&rsquo;ouvrent la nuit, offrant un parfum doux et intense. Pr\u00e9f\u00e8re les positions ensoleill\u00e9es. Peut \u00e9galement \u00eatre cultiv\u00e9e en pot.<\/p>\n","protected":false},"featured_media":0,"template":"","meta":{"_acf_changed":false},"product_brand":[],"product_cat":[8812],"product_tag":[10897],"class_list":{"0":"post-65662","1":"product","2":"type-product","3":"status-publish","5":"product_cat-arbres-et-arbustes-a-feuilles-caduques","6":"product_tag-naturelle","7":"pa_altezza-massima-200-fr","8":"pa_altezza-massima-300-fr-2","9":"pa_colore-fioritura-blanc","10":"pa_condizionamento-clt-fr","11":"pa_famiglia-solanacee-fr","12":"pa_genere-cestrum-fr","13":"pa_origine-inde","14":"pa_periodo-fioritura-aout","15":"pa_periodo-fioritura-juillet","16":"pa_periodo-fioritura-juin","17":"pa_resistenza-climatica-moyenne-elevee","18":"pa_utilizzo-balcons","19":"pa_utilizzo-interieur","20":"pa_utilizzo-petits-jardins","22":"first","23":"instock","24":"shipping-taxable","25":"purchasable","26":"product-type-simple"},"acf":[],"_links":{"self":[{"href":"https:\/\/innocentiemangonipiante.it\/fr\/wp-json\/wp\/v2\/product\/65662","targetHints":{"allow":["GET"]}}],"collection":[{"href":"https:\/\/innocentiemangonipiante.it\/fr\/wp-json\/wp\/v2\/product"}],"about":[{"href":"https:\/\/innocentiemangonipiante.it\/fr\/wp-json\/wp\/v2\/types\/product"}],"wp:attachment":[{"href":"https:\/\/innocentiemangonipiante.it\/fr\/wp-json\/wp\/v2\/media?parent=65662"}],"wp:term":[{"taxonomy":"product_brand","embeddable":true,"href":"https:\/\/innocentiemangonipiante.it\/fr\/wp-json\/wp\/v2\/product_brand?post=65662"},{"taxonomy":"product_cat","embeddable":true,"href":"https:\/\/innocentiemangonipiante.it\/fr\/wp-json\/wp\/v2\/product_cat?post=65662"},{"taxonomy":"product_tag","embeddable":true,"href":"https:\/\/innocentiemangonipiante.it\/fr\/wp-json\/wp\/v2\/product_tag?post=65662"}],"curies":[{"name":"wp","href":"https:\/\/api.w.org\/{rel}","templated":true}]}}