{"id":68713,"date":"2026-01-07T12:31:14","date_gmt":"2026-01-07T11:31:14","guid":{"rendered":"https:\/\/innocentiemangonipiante.it\/abelia-grandiflora-jelly-beans\/"},"modified":"2026-01-07T20:35:51","modified_gmt":"2026-01-07T19:35:51","slug":"abelia-grandiflora-jelly-beans","status":"publish","type":"product","link":"https:\/\/innocentiemangonipiante.it\/fr\/abelia-grandiflora-jelly-beans\/","title":{"rendered":"ABELIA grandiflora &lsquo;Jelly Beans&rsquo; \u00ae"},"content":{"rendered":"<p>Jelly Beans est une nouvelle vari\u00e9t\u00e9 panach\u00e9e d&rsquo;Abelia grandiflora. Cet arbuste semi-persistant de taille moyenne, \u00e0 port arrondi, pr\u00e9sente des rameaux compacts et des feuilles ovales, brillantes et de petite taille, avec une panachure dor\u00e9e. Il fleurit pr\u00e9cocement, produisant des grappes de fleurs en forme de clochettes blanches aux nuances ros\u00e9es. Gr\u00e2ce \u00e0 son feuillage panach\u00e9 et brillant, Jelly Beans est une plante au charme attrayant tout au long de l\u2019ann\u00e9e dans le jardin.<\/p>\n","protected":false},"excerpt":{"rendered":"<p>Jelly Beans est une nouvelle vari\u00e9t\u00e9 panach\u00e9e d&rsquo;Abelia grandiflora. Cet arbuste semi-persistant de taille moyenne, \u00e0 port arrondi, pr\u00e9sente des rameaux compacts et des feuilles ovales, brillantes et de petite taille, avec une panachure dor\u00e9e. Il fleurit pr\u00e9cocement, produisant des grappes de fleurs en forme de clochettes blanches aux nuances ros\u00e9es. Gr\u00e2ce \u00e0 son feuillage [&hellip;]<\/p>\n","protected":false},"featured_media":67062,"template":"","meta":{"_acf_changed":false},"product_brand":[],"product_cat":[8817],"product_tag":[10897],"class_list":{"0":"post-68713","1":"product","2":"type-product","3":"status-publish","4":"has-post-thumbnail","6":"product_cat-arbres-et-arbustes-persistants","7":"product_tag-naturelle","8":"pa_altezza-massima-100-fr","9":"pa_colore-delle-foglie-panachees","10":"pa_colore-fioritura-blanc","11":"pa_famiglia-caprifoliaceae-fr","12":"pa_genere-abelia-fr","13":"pa_origine-hollande","14":"pa_portamento-cespuglioso-fr","15":"pa_profumo-intense-fr","16":"pa_resistenza-climatica-moyenne-elevee","18":"first","19":"instock","20":"purchasable","21":"product-type-simple"},"acf":[],"_links":{"self":[{"href":"https:\/\/innocentiemangonipiante.it\/fr\/wp-json\/wp\/v2\/product\/68713","targetHints":{"allow":["GET"]}}],"collection":[{"href":"https:\/\/innocentiemangonipiante.it\/fr\/wp-json\/wp\/v2\/product"}],"about":[{"href":"https:\/\/innocentiemangonipiante.it\/fr\/wp-json\/wp\/v2\/types\/product"}],"wp:featuredmedia":[{"embeddable":true,"href":"https:\/\/innocentiemangonipiante.it\/fr\/wp-json\/wp\/v2\/media\/67062"}],"wp:attachment":[{"href":"https:\/\/innocentiemangonipiante.it\/fr\/wp-json\/wp\/v2\/media?parent=68713"}],"wp:term":[{"taxonomy":"product_brand","embeddable":true,"href":"https:\/\/innocentiemangonipiante.it\/fr\/wp-json\/wp\/v2\/product_brand?post=68713"},{"taxonomy":"product_cat","embeddable":true,"href":"https:\/\/innocentiemangonipiante.it\/fr\/wp-json\/wp\/v2\/product_cat?post=68713"},{"taxonomy":"product_tag","embeddable":true,"href":"https:\/\/innocentiemangonipiante.it\/fr\/wp-json\/wp\/v2\/product_tag?post=68713"}],"curies":[{"name":"wp","href":"https:\/\/api.w.org\/{rel}","templated":true}]}}