{"id":68716,"date":"2026-01-07T12:32:13","date_gmt":"2026-01-07T11:32:13","guid":{"rendered":"https:\/\/innocentiemangonipiante.it\/azalea-star-style-pink\/"},"modified":"2026-01-07T20:36:00","modified_gmt":"2026-01-07T19:36:00","slug":"azalea-star-style-pink","status":"publish","type":"product","link":"https:\/\/innocentiemangonipiante.it\/fr\/azalea-star-style-pink\/","title":{"rendered":"AZALEA &lsquo;Star Style Pink&rsquo; \u00ae"},"content":{"rendered":"<p>Une vari\u00e9t\u00e9 qui produit des fleurs en forme d&rsquo;\u00e9toile de couleur rose. Chaque fleur est compos\u00e9e de longs p\u00e9tales fins. En pleine floraison, la plante est presque enti\u00e8rement recouverte, laissant tr\u00e8s peu de feuillage visible. Les azal\u00e9es Star Style forment un monticule dense et compact de feuillage fin, brillant et vert fonc\u00e9. Cependant, les tiges et les branches sont fragiles et n\u00e9cessitent une protection contre le vent et le gel. La hauteur atteint environ 50 \u00e0 70 cm en dix ans.<\/p>\n","protected":false},"excerpt":{"rendered":"<p>Une vari\u00e9t\u00e9 qui produit des fleurs en forme d&rsquo;\u00e9toile de couleur rose. Chaque fleur est compos\u00e9e de longs p\u00e9tales fins. En pleine floraison, la plante est presque enti\u00e8rement recouverte, laissant tr\u00e8s peu de feuillage visible. Les azal\u00e9es Star Style forment un monticule dense et compact de feuillage fin, brillant et vert fonc\u00e9. Cependant, les tiges [&hellip;]<\/p>\n","protected":false},"featured_media":67095,"template":"","meta":{"_acf_changed":false},"product_brand":[],"product_cat":[8817],"product_tag":[10897],"class_list":{"0":"post-68716","1":"product","2":"type-product","3":"status-publish","4":"has-post-thumbnail","6":"product_cat-arbres-et-arbustes-persistants","7":"product_tag-naturelle","8":"pa_altezza-massima-0_50-metres","9":"pa_altezza-massima-0_70-metres","10":"pa_colore-fioritura-rose","11":"pa_famiglia-ericaceae-fr","12":"pa_genere-azalea-fr","13":"pa_origine-hollande","14":"pa_periodo-fioritura-mai","15":"pa_portamento-arrondi","16":"pa_resistenza-climatica-tres-elevee","17":"pa_utilizzo-balcons","18":"pa_utilizzo-petits-jardins","20":"first","21":"instock","22":"purchasable","23":"product-type-simple"},"acf":[],"_links":{"self":[{"href":"https:\/\/innocentiemangonipiante.it\/fr\/wp-json\/wp\/v2\/product\/68716","targetHints":{"allow":["GET"]}}],"collection":[{"href":"https:\/\/innocentiemangonipiante.it\/fr\/wp-json\/wp\/v2\/product"}],"about":[{"href":"https:\/\/innocentiemangonipiante.it\/fr\/wp-json\/wp\/v2\/types\/product"}],"wp:featuredmedia":[{"embeddable":true,"href":"https:\/\/innocentiemangonipiante.it\/fr\/wp-json\/wp\/v2\/media\/67095"}],"wp:attachment":[{"href":"https:\/\/innocentiemangonipiante.it\/fr\/wp-json\/wp\/v2\/media?parent=68716"}],"wp:term":[{"taxonomy":"product_brand","embeddable":true,"href":"https:\/\/innocentiemangonipiante.it\/fr\/wp-json\/wp\/v2\/product_brand?post=68716"},{"taxonomy":"product_cat","embeddable":true,"href":"https:\/\/innocentiemangonipiante.it\/fr\/wp-json\/wp\/v2\/product_cat?post=68716"},{"taxonomy":"product_tag","embeddable":true,"href":"https:\/\/innocentiemangonipiante.it\/fr\/wp-json\/wp\/v2\/product_tag?post=68716"}],"curies":[{"name":"wp","href":"https:\/\/api.w.org\/{rel}","templated":true}]}}