{"id":68717,"date":"2026-01-07T12:32:34","date_gmt":"2026-01-07T11:32:34","guid":{"rendered":"https:\/\/innocentiemangonipiante.it\/berberis-thunbergii-orange-ice\/"},"modified":"2026-01-07T20:36:03","modified_gmt":"2026-01-07T19:36:03","slug":"berberis-thunbergii-orange-ice","status":"publish","type":"product","link":"https:\/\/innocentiemangonipiante.it\/fr\/berberis-thunbergii-orange-ice\/","title":{"rendered":"BERBERIS thunbergii &lsquo;Orange Ice&rsquo; \u00ae"},"content":{"rendered":"<p>&lsquo;Orange Ice&rsquo; est un Berberis de taille moyenne, au port dense, compact et dress\u00e9, atteignant une hauteur de 60 \u00e0 70 cm et une largeur de 30 cm apr\u00e8s six ans. Ses feuilles ont une couleur orange clair intense. Il n\u00e9cessite une exposition ensoleill\u00e9e. Il n\u2019a pas d\u2019exigences particuli\u00e8res en mati\u00e8re de sol et est r\u00e9sistant \u00e0 l\u2019hiver. Convient pour la plantation dans des jardins de petite et moyenne taille ainsi qu\u2019en pot sur une terrasse.<\/p>\n","protected":false},"excerpt":{"rendered":"<p>&lsquo;Orange Ice&rsquo; est un Berberis de taille moyenne, au port dense, compact et dress\u00e9, atteignant une hauteur de 60 \u00e0 70 cm et une largeur de 30 cm apr\u00e8s six ans. Ses feuilles ont une couleur orange clair intense. Il n\u00e9cessite une exposition ensoleill\u00e9e. Il n\u2019a pas d\u2019exigences particuli\u00e8res en mati\u00e8re de sol et est [&hellip;]<\/p>\n","protected":false},"featured_media":67106,"template":"","meta":{"_acf_changed":false},"product_brand":[],"product_cat":[8817],"product_tag":[10897],"class_list":{"0":"post-68717","1":"product","2":"type-product","3":"status-publish","4":"has-post-thumbnail","6":"product_cat-arbres-et-arbustes-persistants","7":"product_tag-naturelle","8":"pa_altezza-massima-0_60-metres","9":"pa_altezza-massima-0_70-metres","10":"pa_famiglia-berberidaceae-fr","11":"pa_genere-berberis-fr","12":"pa_inquinamento-resistance-a-la-pollution","13":"pa_origine-poland-fr","14":"pa_portamento-arrondi","15":"pa_resistenza-climatica-tres-elevee","16":"pa_utilizzo-balcons","17":"pa_utilizzo-petits-jardins","19":"first","20":"instock","21":"purchasable","22":"product-type-simple"},"acf":[],"_links":{"self":[{"href":"https:\/\/innocentiemangonipiante.it\/fr\/wp-json\/wp\/v2\/product\/68717","targetHints":{"allow":["GET"]}}],"collection":[{"href":"https:\/\/innocentiemangonipiante.it\/fr\/wp-json\/wp\/v2\/product"}],"about":[{"href":"https:\/\/innocentiemangonipiante.it\/fr\/wp-json\/wp\/v2\/types\/product"}],"wp:featuredmedia":[{"embeddable":true,"href":"https:\/\/innocentiemangonipiante.it\/fr\/wp-json\/wp\/v2\/media\/67106"}],"wp:attachment":[{"href":"https:\/\/innocentiemangonipiante.it\/fr\/wp-json\/wp\/v2\/media?parent=68717"}],"wp:term":[{"taxonomy":"product_brand","embeddable":true,"href":"https:\/\/innocentiemangonipiante.it\/fr\/wp-json\/wp\/v2\/product_brand?post=68717"},{"taxonomy":"product_cat","embeddable":true,"href":"https:\/\/innocentiemangonipiante.it\/fr\/wp-json\/wp\/v2\/product_cat?post=68717"},{"taxonomy":"product_tag","embeddable":true,"href":"https:\/\/innocentiemangonipiante.it\/fr\/wp-json\/wp\/v2\/product_tag?post=68717"}],"curies":[{"name":"wp","href":"https:\/\/api.w.org\/{rel}","templated":true}]}}