{"id":68719,"date":"2026-01-07T12:33:11","date_gmt":"2026-01-07T11:33:11","guid":{"rendered":"https:\/\/innocentiemangonipiante.it\/buxus-newgen-freedom\/"},"modified":"2026-01-07T20:36:10","modified_gmt":"2026-01-07T19:36:10","slug":"buxus-newgen-freedom","status":"publish","type":"product","link":"https:\/\/innocentiemangonipiante.it\/fr\/buxus-newgen-freedom\/","title":{"rendered":"BUXUS &lsquo;NewGen Freedom&rsquo;"},"content":{"rendered":"<p>Une vari\u00e9t\u00e9 au feuillage vert brillant, vigoureuse et arrondie, l\u00e9g\u00e8rement plus haute que large. Facile \u00e0 tailler, id\u00e9al pour cr\u00e9er des formes g\u00e9om\u00e9triques comme des boules et des c\u00f4nes. S\u00e9lectionn\u00e9 pour sa grande r\u00e9sistance aux maladies. R\u00e9sistante au froid et aux tailles saisonni\u00e8res. Peut prendre une teinte bronze en hiver.<\/p>\n","protected":false},"excerpt":{"rendered":"<p>Une vari\u00e9t\u00e9 au feuillage vert brillant, vigoureuse et arrondie, l\u00e9g\u00e8rement plus haute que large. Facile \u00e0 tailler, id\u00e9al pour cr\u00e9er des formes g\u00e9om\u00e9triques comme des boules et des c\u00f4nes. S\u00e9lectionn\u00e9 pour sa grande r\u00e9sistance aux maladies. R\u00e9sistante au froid et aux tailles saisonni\u00e8res. Peut prendre une teinte bronze en hiver.<\/p>\n","protected":false},"featured_media":67143,"template":"","meta":{"_acf_changed":false},"product_brand":[],"product_cat":[8817],"product_tag":[10897],"class_list":{"0":"post-68719","1":"product","2":"type-product","3":"status-publish","4":"has-post-thumbnail","6":"product_cat-arbres-et-arbustes-persistants","7":"product_tag-naturelle","8":"pa_altezza-massima-0_80-metres","9":"pa_altezza-massima-120-fr","10":"pa_famiglia-buxaceae-fr","11":"pa_genere-buxus-fr","12":"pa_origine-origine-delle-piante-u-s-a","13":"pa_portamento-arrondi","14":"pa_resistenza-climatica-tres-elevee","15":"pa_utilizzo-bordures","16":"pa_utilizzo-haies","17":"pa_utilizzo-parcs","18":"pa_utilizzo-petits-jardins","20":"first","21":"instock","22":"purchasable","23":"product-type-simple"},"acf":[],"_links":{"self":[{"href":"https:\/\/innocentiemangonipiante.it\/fr\/wp-json\/wp\/v2\/product\/68719","targetHints":{"allow":["GET"]}}],"collection":[{"href":"https:\/\/innocentiemangonipiante.it\/fr\/wp-json\/wp\/v2\/product"}],"about":[{"href":"https:\/\/innocentiemangonipiante.it\/fr\/wp-json\/wp\/v2\/types\/product"}],"wp:featuredmedia":[{"embeddable":true,"href":"https:\/\/innocentiemangonipiante.it\/fr\/wp-json\/wp\/v2\/media\/67143"}],"wp:attachment":[{"href":"https:\/\/innocentiemangonipiante.it\/fr\/wp-json\/wp\/v2\/media?parent=68719"}],"wp:term":[{"taxonomy":"product_brand","embeddable":true,"href":"https:\/\/innocentiemangonipiante.it\/fr\/wp-json\/wp\/v2\/product_brand?post=68719"},{"taxonomy":"product_cat","embeddable":true,"href":"https:\/\/innocentiemangonipiante.it\/fr\/wp-json\/wp\/v2\/product_cat?post=68719"},{"taxonomy":"product_tag","embeddable":true,"href":"https:\/\/innocentiemangonipiante.it\/fr\/wp-json\/wp\/v2\/product_tag?post=68719"}],"curies":[{"name":"wp","href":"https:\/\/api.w.org\/{rel}","templated":true}]}}