{"id":68720,"date":"2026-01-07T12:33:27","date_gmt":"2026-01-07T11:33:27","guid":{"rendered":"https:\/\/innocentiemangonipiante.it\/callicarpa-magical-snowqueen\/"},"modified":"2026-01-07T20:36:13","modified_gmt":"2026-01-07T19:36:13","slug":"callicarpa-magical-snowqueen","status":"publish","type":"product","link":"https:\/\/innocentiemangonipiante.it\/fr\/callicarpa-magical-snowqueen\/","title":{"rendered":"CALLICARPA &lsquo;Magical Snowqueen&rsquo;"},"content":{"rendered":"<p>Une vari\u00e9t\u00e9 au port \u00e9tal\u00e9 avec une belle floraison lilas de juillet \u00e0 septembre, suivie de baies blanches intenses. N\u00e9cessite une exposition en plein soleil.<\/p>\n","protected":false},"excerpt":{"rendered":"<p>Une vari\u00e9t\u00e9 au port \u00e9tal\u00e9 avec une belle floraison lilas de juillet \u00e0 septembre, suivie de baies blanches intenses. N\u00e9cessite une exposition en plein soleil.<\/p>\n","protected":false},"featured_media":67154,"template":"","meta":{"_acf_changed":false},"product_brand":[],"product_cat":[8812],"product_tag":[10897],"class_list":{"0":"post-68720","1":"product","2":"type-product","3":"status-publish","4":"has-post-thumbnail","6":"product_cat-arbres-et-arbustes-a-feuilles-caduques","7":"product_tag-naturelle","8":"pa_altezza-massima-150-fr","9":"pa_altezza-massima-180-fr","10":"pa_colore-fioritura-lilas","11":"pa_famiglia-verbenaceae-fr","12":"pa_genere-callicarpa-fr","13":"pa_origine-hollande","14":"pa_periodo-fioritura-aout","15":"pa_periodo-fioritura-juillet","16":"pa_periodo-fioritura-septembre","17":"pa_portamento-cespuglioso-fr","18":"pa_resistenza-climatica-tres-elevee","19":"pa_utilizzo-bordures","20":"pa_utilizzo-petits-jardins","22":"first","23":"instock","24":"purchasable","25":"product-type-simple"},"acf":[],"_links":{"self":[{"href":"https:\/\/innocentiemangonipiante.it\/fr\/wp-json\/wp\/v2\/product\/68720","targetHints":{"allow":["GET"]}}],"collection":[{"href":"https:\/\/innocentiemangonipiante.it\/fr\/wp-json\/wp\/v2\/product"}],"about":[{"href":"https:\/\/innocentiemangonipiante.it\/fr\/wp-json\/wp\/v2\/types\/product"}],"wp:featuredmedia":[{"embeddable":true,"href":"https:\/\/innocentiemangonipiante.it\/fr\/wp-json\/wp\/v2\/media\/67154"}],"wp:attachment":[{"href":"https:\/\/innocentiemangonipiante.it\/fr\/wp-json\/wp\/v2\/media?parent=68720"}],"wp:term":[{"taxonomy":"product_brand","embeddable":true,"href":"https:\/\/innocentiemangonipiante.it\/fr\/wp-json\/wp\/v2\/product_brand?post=68720"},{"taxonomy":"product_cat","embeddable":true,"href":"https:\/\/innocentiemangonipiante.it\/fr\/wp-json\/wp\/v2\/product_cat?post=68720"},{"taxonomy":"product_tag","embeddable":true,"href":"https:\/\/innocentiemangonipiante.it\/fr\/wp-json\/wp\/v2\/product_tag?post=68720"}],"curies":[{"name":"wp","href":"https:\/\/api.w.org\/{rel}","templated":true}]}}