{"id":68721,"date":"2026-01-07T12:33:46","date_gmt":"2026-01-07T11:33:46","guid":{"rendered":"https:\/\/innocentiemangonipiante.it\/callicarpa-bodinieri-profusion-2\/"},"modified":"2026-01-07T20:36:16","modified_gmt":"2026-01-07T19:36:16","slug":"callicarpa-bodinieri-profusion-2","status":"publish","type":"product","link":"https:\/\/innocentiemangonipiante.it\/fr\/callicarpa-bodinieri-profusion-2\/","title":{"rendered":"CALLICARPA bodinieri &lsquo;Profusion&rsquo;"},"content":{"rendered":"<p>Un arbuste buissonnant \u00e0 feuilles caduques. Les feuilles vont de elliptiques \u00e0 obov\u00e9es, pointues, vert fonc\u00e9, et atteignent jusqu&rsquo;\u00e0 18 cm de long. Les jeunes feuilles sont de couleur bronze. Il produit des grappes axillaires de petites fleurs violet p\u00e2le, de 3,5 cm de large, qui fleurissent en juin et juillet, suivies de fruits violets en automne.<\/p>\n","protected":false},"excerpt":{"rendered":"<p>Un arbuste buissonnant \u00e0 feuilles caduques. Les feuilles vont de elliptiques \u00e0 obov\u00e9es, pointues, vert fonc\u00e9, et atteignent jusqu&rsquo;\u00e0 18 cm de long. Les jeunes feuilles sont de couleur bronze. Il produit des grappes axillaires de petites fleurs violet p\u00e2le, de 3,5 cm de large, qui fleurissent en juin et juillet, suivies de fruits violets [&hellip;]<\/p>\n","protected":false},"featured_media":67165,"template":"","meta":{"_acf_changed":false},"product_brand":[],"product_cat":[8812],"product_tag":[10897],"class_list":{"0":"post-68721","1":"product","2":"type-product","3":"status-publish","4":"has-post-thumbnail","6":"product_cat-arbres-et-arbustes-a-feuilles-caduques","7":"product_tag-naturelle","8":"pa_altezza-massima-250-fr","9":"pa_altezza-massima-300-fr-2","10":"pa_colore-fioritura-violet-fr","11":"pa_famiglia-verbenaceae-fr","12":"pa_genere-callicarpa-fr","13":"pa_origine-hollande","14":"pa_periodo-fioritura-juillet","15":"pa_periodo-fioritura-juin","16":"pa_portamento-cespuglioso-fr","17":"pa_resistenza-climatica-tres-elevee","18":"pa_utilizzo-balcons","19":"pa_utilizzo-bordures","20":"pa_utilizzo-petits-jardins","22":"first","23":"instock","24":"purchasable","25":"product-type-simple"},"acf":[],"_links":{"self":[{"href":"https:\/\/innocentiemangonipiante.it\/fr\/wp-json\/wp\/v2\/product\/68721","targetHints":{"allow":["GET"]}}],"collection":[{"href":"https:\/\/innocentiemangonipiante.it\/fr\/wp-json\/wp\/v2\/product"}],"about":[{"href":"https:\/\/innocentiemangonipiante.it\/fr\/wp-json\/wp\/v2\/types\/product"}],"wp:featuredmedia":[{"embeddable":true,"href":"https:\/\/innocentiemangonipiante.it\/fr\/wp-json\/wp\/v2\/media\/67165"}],"wp:attachment":[{"href":"https:\/\/innocentiemangonipiante.it\/fr\/wp-json\/wp\/v2\/media?parent=68721"}],"wp:term":[{"taxonomy":"product_brand","embeddable":true,"href":"https:\/\/innocentiemangonipiante.it\/fr\/wp-json\/wp\/v2\/product_brand?post=68721"},{"taxonomy":"product_cat","embeddable":true,"href":"https:\/\/innocentiemangonipiante.it\/fr\/wp-json\/wp\/v2\/product_cat?post=68721"},{"taxonomy":"product_tag","embeddable":true,"href":"https:\/\/innocentiemangonipiante.it\/fr\/wp-json\/wp\/v2\/product_tag?post=68721"}],"curies":[{"name":"wp","href":"https:\/\/api.w.org\/{rel}","templated":true}]}}