{"id":68722,"date":"2026-01-07T12:34:05","date_gmt":"2026-01-07T11:34:05","guid":{"rendered":"https:\/\/innocentiemangonipiante.it\/chamaecyparis-obtusa-teddy-bear\/"},"modified":"2026-01-07T20:36:19","modified_gmt":"2026-01-07T19:36:19","slug":"chamaecyparis-obtusa-teddy-bear","status":"publish","type":"product","link":"https:\/\/innocentiemangonipiante.it\/fr\/chamaecyparis-obtusa-teddy-bear\/","title":{"rendered":"CHAMAECYPARIS obtusa &lsquo;Teddy Bear&rsquo;"},"content":{"rendered":"<p>Une conif\u00e8re \u00e0 croissance lente. Feuilles vert fonc\u00e9. Interessant pour son port dense et irregulier.<\/p>\n","protected":false},"excerpt":{"rendered":"<p>Une conif\u00e8re \u00e0 croissance lente. Feuilles vert fonc\u00e9. Interessant pour son port dense et irregulier.<\/p>\n","protected":false},"featured_media":67176,"template":"","meta":{"_acf_changed":false},"product_brand":[],"product_cat":[8824],"product_tag":[10897],"class_list":{"0":"post-68722","1":"product","2":"type-product","3":"status-publish","4":"has-post-thumbnail","6":"product_cat-coniferes","7":"product_tag-naturelle","8":"pa_altezza-massima-200-fr","9":"pa_famiglia-cupressaceae-fr","10":"pa_genere-chamaecyparis-fr","11":"pa_inquinamento-resistance-a-la-pollution","12":"pa_origine-hollande","13":"pa_portamento-fastigiato-fr","14":"pa_resistenza-climatica-tres-elevee","15":"pa_utilizzo-balcons","16":"pa_utilizzo-petits-jardins","18":"first","19":"instock","20":"purchasable","21":"product-type-simple"},"acf":[],"_links":{"self":[{"href":"https:\/\/innocentiemangonipiante.it\/fr\/wp-json\/wp\/v2\/product\/68722","targetHints":{"allow":["GET"]}}],"collection":[{"href":"https:\/\/innocentiemangonipiante.it\/fr\/wp-json\/wp\/v2\/product"}],"about":[{"href":"https:\/\/innocentiemangonipiante.it\/fr\/wp-json\/wp\/v2\/types\/product"}],"wp:featuredmedia":[{"embeddable":true,"href":"https:\/\/innocentiemangonipiante.it\/fr\/wp-json\/wp\/v2\/media\/67176"}],"wp:attachment":[{"href":"https:\/\/innocentiemangonipiante.it\/fr\/wp-json\/wp\/v2\/media?parent=68722"}],"wp:term":[{"taxonomy":"product_brand","embeddable":true,"href":"https:\/\/innocentiemangonipiante.it\/fr\/wp-json\/wp\/v2\/product_brand?post=68722"},{"taxonomy":"product_cat","embeddable":true,"href":"https:\/\/innocentiemangonipiante.it\/fr\/wp-json\/wp\/v2\/product_cat?post=68722"},{"taxonomy":"product_tag","embeddable":true,"href":"https:\/\/innocentiemangonipiante.it\/fr\/wp-json\/wp\/v2\/product_tag?post=68722"}],"curies":[{"name":"wp","href":"https:\/\/api.w.org\/{rel}","templated":true}]}}