{"id":68727,"date":"2026-01-07T13:01:53","date_gmt":"2026-01-07T12:01:53","guid":{"rendered":"https:\/\/innocentiemangonipiante.it\/dianella-revoluta-coolvista\/"},"modified":"2026-01-07T20:36:34","modified_gmt":"2026-01-07T19:36:34","slug":"dianella-revoluta-coolvista","status":"publish","type":"product","link":"https:\/\/innocentiemangonipiante.it\/fr\/dianella-revoluta-coolvista\/","title":{"rendered":"DIANELLA revoluta &lsquo;Coolvista&rsquo; \u00ae"},"content":{"rendered":"<p>Une plante vivace qui forme des colonies de feuilles bleut\u00e9es. Au printemps, elle produit des fleurs bleues sur de hautes tiges regroup\u00e9es en bouquets, suivies de baies bleues. R\u00e9sistante jusqu&rsquo;\u00e0 -15\u00b0C. Adapt\u00e9e \u00e0 tout type d&rsquo;exposition.<\/p>\n","protected":false},"excerpt":{"rendered":"<p>Une plante vivace qui forme des colonies de feuilles bleut\u00e9es. Au printemps, elle produit des fleurs bleues sur de hautes tiges regroup\u00e9es en bouquets, suivies de baies bleues. R\u00e9sistante jusqu&rsquo;\u00e0 -15\u00b0C. Adapt\u00e9e \u00e0 tout type d&rsquo;exposition.<\/p>\n","protected":false},"featured_media":67317,"template":"","meta":{"_acf_changed":false},"product_brand":[],"product_cat":[8317],"product_tag":[10897],"class_list":{"0":"post-68727","1":"product","2":"type-product","3":"status-publish","4":"has-post-thumbnail","6":"product_cat-sans-categorie","7":"product_tag-naturelle","8":"pa_altezza-massima-0_60-metres","9":"pa_altezza-massima-0_90-metres","10":"pa_colore-delle-foglie-bleu","11":"pa_colore-fioritura-bleu","12":"pa_famiglia-liliaceae-fr","13":"pa_genere-dianella","14":"pa_origine-origine-delle-piante-u-s-a","15":"pa_periodo-fioritura-avril","16":"pa_periodo-fioritura-mai","17":"pa_portamento-eretto-fr","18":"pa_resistenza-climatica-tres-elevee","19":"pa_utilizzo-bordures","20":"pa_utilizzo-petits-jardins","22":"first","23":"instock","24":"purchasable","25":"product-type-simple"},"acf":[],"_links":{"self":[{"href":"https:\/\/innocentiemangonipiante.it\/fr\/wp-json\/wp\/v2\/product\/68727","targetHints":{"allow":["GET"]}}],"collection":[{"href":"https:\/\/innocentiemangonipiante.it\/fr\/wp-json\/wp\/v2\/product"}],"about":[{"href":"https:\/\/innocentiemangonipiante.it\/fr\/wp-json\/wp\/v2\/types\/product"}],"wp:featuredmedia":[{"embeddable":true,"href":"https:\/\/innocentiemangonipiante.it\/fr\/wp-json\/wp\/v2\/media\/67317"}],"wp:attachment":[{"href":"https:\/\/innocentiemangonipiante.it\/fr\/wp-json\/wp\/v2\/media?parent=68727"}],"wp:term":[{"taxonomy":"product_brand","embeddable":true,"href":"https:\/\/innocentiemangonipiante.it\/fr\/wp-json\/wp\/v2\/product_brand?post=68727"},{"taxonomy":"product_cat","embeddable":true,"href":"https:\/\/innocentiemangonipiante.it\/fr\/wp-json\/wp\/v2\/product_cat?post=68727"},{"taxonomy":"product_tag","embeddable":true,"href":"https:\/\/innocentiemangonipiante.it\/fr\/wp-json\/wp\/v2\/product_tag?post=68727"}],"curies":[{"name":"wp","href":"https:\/\/api.w.org\/{rel}","templated":true}]}}