{"id":68728,"date":"2026-01-07T13:03:19","date_gmt":"2026-01-07T12:03:19","guid":{"rendered":"https:\/\/innocentiemangonipiante.it\/dianella-silver-fox\/"},"modified":"2026-01-07T20:36:37","modified_gmt":"2026-01-07T19:36:37","slug":"dianella-silver-fox","status":"publish","type":"product","link":"https:\/\/innocentiemangonipiante.it\/fr\/dianella-silver-fox\/","title":{"rendered":"DIANELLA &lsquo;Silver Fox&rsquo; \u00ae"},"content":{"rendered":"<p>Une vari\u00e9t\u00e9 dense et compacte avec de fines feuilles vert-bleu bord\u00e9es de blanc. Cette vivace persistante offre \u00e9galement une magnifique floraison estivale bleue, suivie de baies violettes. Croissance lente.<\/p>\n","protected":false},"excerpt":{"rendered":"<p>Une vari\u00e9t\u00e9 dense et compacte avec de fines feuilles vert-bleu bord\u00e9es de blanc. Cette vivace persistante offre \u00e9galement une magnifique floraison estivale bleue, suivie de baies violettes. Croissance lente.<\/p>\n","protected":false},"featured_media":67348,"template":"","meta":{"_acf_changed":false},"product_brand":[],"product_cat":[8317],"product_tag":[10897],"class_list":{"0":"post-68728","1":"product","2":"type-product","3":"status-publish","4":"has-post-thumbnail","6":"product_cat-sans-categorie","7":"product_tag-naturelle","8":"pa_altezza-massima-0_40-metres","9":"pa_altezza-massima-0_50-metres","10":"pa_colore-delle-foglie-panachees","11":"pa_colore-fioritura-bleu","12":"pa_famiglia-liliaceae-fr","13":"pa_genere-dianella","14":"pa_origine-australie","15":"pa_periodo-fioritura-aout","16":"pa_periodo-fioritura-juillet","17":"pa_periodo-fioritura-juin","18":"pa_portamento-arcuato-fr","19":"pa_resistenza-climatica-moyenne-elevee","20":"pa_utilizzo-balcons","21":"pa_utilizzo-bordures","22":"pa_utilizzo-petits-jardins","24":"first","25":"instock","26":"purchasable","27":"product-type-simple"},"acf":[],"_links":{"self":[{"href":"https:\/\/innocentiemangonipiante.it\/fr\/wp-json\/wp\/v2\/product\/68728","targetHints":{"allow":["GET"]}}],"collection":[{"href":"https:\/\/innocentiemangonipiante.it\/fr\/wp-json\/wp\/v2\/product"}],"about":[{"href":"https:\/\/innocentiemangonipiante.it\/fr\/wp-json\/wp\/v2\/types\/product"}],"wp:featuredmedia":[{"embeddable":true,"href":"https:\/\/innocentiemangonipiante.it\/fr\/wp-json\/wp\/v2\/media\/67348"}],"wp:attachment":[{"href":"https:\/\/innocentiemangonipiante.it\/fr\/wp-json\/wp\/v2\/media?parent=68728"}],"wp:term":[{"taxonomy":"product_brand","embeddable":true,"href":"https:\/\/innocentiemangonipiante.it\/fr\/wp-json\/wp\/v2\/product_brand?post=68728"},{"taxonomy":"product_cat","embeddable":true,"href":"https:\/\/innocentiemangonipiante.it\/fr\/wp-json\/wp\/v2\/product_cat?post=68728"},{"taxonomy":"product_tag","embeddable":true,"href":"https:\/\/innocentiemangonipiante.it\/fr\/wp-json\/wp\/v2\/product_tag?post=68728"}],"curies":[{"name":"wp","href":"https:\/\/api.w.org\/{rel}","templated":true}]}}