{"id":68729,"date":"2026-01-07T13:03:37","date_gmt":"2026-01-07T12:03:37","guid":{"rendered":"https:\/\/innocentiemangonipiante.it\/distylium-blu-cascade\/"},"modified":"2026-01-07T20:36:40","modified_gmt":"2026-01-07T19:36:40","slug":"distylium-blu-cascade","status":"publish","type":"product","link":"https:\/\/innocentiemangonipiante.it\/fr\/distylium-blu-cascade\/","title":{"rendered":"DISTYLIUM &lsquo;Blu cascade&rsquo;"},"content":{"rendered":"<p>Arbuste persistant compact. Les feuilles sont bleu-vert avec de nouvelles pousses de couleur bronze. Les fleurs brun-rouge\u00e2tre apparaissent au d\u00e9but du printemps. Plantez Blue Cascade en plein soleil dans un sol bien drain\u00e9<\/p>\n","protected":false},"excerpt":{"rendered":"<p>Arbuste persistant compact. Les feuilles sont bleu-vert avec de nouvelles pousses de couleur bronze. Les fleurs brun-rouge\u00e2tre apparaissent au d\u00e9but du printemps. Plantez Blue Cascade en plein soleil dans un sol bien drain\u00e9<\/p>\n","protected":false},"featured_media":67354,"template":"","meta":{"_acf_changed":false},"product_brand":[],"product_cat":[8817],"product_tag":[10897],"class_list":{"0":"post-68729","1":"product","2":"type-product","3":"status-publish","4":"has-post-thumbnail","6":"product_cat-arbres-et-arbustes-persistants","7":"product_tag-naturelle","8":"pa_altezza-massima-0_75-metres","9":"pa_colore-delle-foglie-bleu","10":"pa_colore-fioritura-rouge","11":"pa_famiglia-hamamelidiaceae","12":"pa_genere-distylium-fr","13":"pa_origine-origine-delle-piante-u-s-a","14":"pa_periodo-fioritura-avril","15":"pa_periodo-fioritura-mars","16":"pa_portamento-arrondi","17":"pa_resistenza-climatica-tres-elevee","18":"pa_utilizzo-bordures","19":"pa_utilizzo-petits-jardins","21":"first","22":"instock","23":"purchasable","24":"product-type-simple"},"acf":[],"_links":{"self":[{"href":"https:\/\/innocentiemangonipiante.it\/fr\/wp-json\/wp\/v2\/product\/68729","targetHints":{"allow":["GET"]}}],"collection":[{"href":"https:\/\/innocentiemangonipiante.it\/fr\/wp-json\/wp\/v2\/product"}],"about":[{"href":"https:\/\/innocentiemangonipiante.it\/fr\/wp-json\/wp\/v2\/types\/product"}],"wp:featuredmedia":[{"embeddable":true,"href":"https:\/\/innocentiemangonipiante.it\/fr\/wp-json\/wp\/v2\/media\/67354"}],"wp:attachment":[{"href":"https:\/\/innocentiemangonipiante.it\/fr\/wp-json\/wp\/v2\/media?parent=68729"}],"wp:term":[{"taxonomy":"product_brand","embeddable":true,"href":"https:\/\/innocentiemangonipiante.it\/fr\/wp-json\/wp\/v2\/product_brand?post=68729"},{"taxonomy":"product_cat","embeddable":true,"href":"https:\/\/innocentiemangonipiante.it\/fr\/wp-json\/wp\/v2\/product_cat?post=68729"},{"taxonomy":"product_tag","embeddable":true,"href":"https:\/\/innocentiemangonipiante.it\/fr\/wp-json\/wp\/v2\/product_tag?post=68729"}],"curies":[{"name":"wp","href":"https:\/\/api.w.org\/{rel}","templated":true}]}}