{"id":68730,"date":"2026-01-07T13:06:01","date_gmt":"2026-01-07T12:06:01","guid":{"rendered":"https:\/\/innocentiemangonipiante.it\/eucalyptus-citriodora\/"},"modified":"2026-01-07T20:36:43","modified_gmt":"2026-01-07T19:36:43","slug":"eucalyptus-citriodora","status":"publish","type":"product","link":"https:\/\/innocentiemangonipiante.it\/fr\/eucalyptus-citriodora\/","title":{"rendered":"EUCALYPTUS citriodora"},"content":{"rendered":"<p>Un arbre ou arbuste persistant aux feuilles allong\u00e9es, tomenteuses, vert gris, et intens\u00e9ment parfum\u00e9es au citron. Il pr\u00e9f\u00e8re une exposition en plein soleil et tout type de sol bien drain\u00e9 et frais. Les huiles essentielles contenues dans les feuilles sont largement utilis\u00e9es en herboristerie et en parfumerie et constituent un excellent r\u00e9pulsif contre les moustiques.<\/p>\n","protected":false},"excerpt":{"rendered":"<p>Un arbre ou arbuste persistant aux feuilles allong\u00e9es, tomenteuses, vert gris, et intens\u00e9ment parfum\u00e9es au citron. Il pr\u00e9f\u00e8re une exposition en plein soleil et tout type de sol bien drain\u00e9 et frais. Les huiles essentielles contenues dans les feuilles sont largement utilis\u00e9es en herboristerie et en parfumerie et constituent un excellent r\u00e9pulsif contre les moustiques.<\/p>\n","protected":false},"featured_media":67385,"template":"","meta":{"_acf_changed":false},"product_brand":[],"product_cat":[8817],"product_tag":[10897],"class_list":{"0":"post-68730","1":"product","2":"type-product","3":"status-publish","4":"has-post-thumbnail","6":"product_cat-arbres-et-arbustes-persistants","7":"product_tag-naturelle","8":"pa_altezza-massima-1000-fr-2","9":"pa_altezza-massima-15-metres","10":"pa_colore-delle-foglie-grises","11":"pa_colore-fioritura-blanc","12":"pa_famiglia-myrtaceae-fr","13":"pa_genere-eucalyptus-fr","14":"pa_origine-australie","15":"pa_periodo-fioritura-decembre","16":"pa_periodo-fioritura-novembre-fr","17":"pa_portamento-allargato-fr","18":"pa_resistenza-climatica-plantes-avec-une-faible-resistance-climatique","19":"pa_salinita-resistance-a-la-salinisation","20":"pa_utilizzo-parcs","22":"first","23":"instock","24":"purchasable","25":"product-type-simple"},"acf":[],"_links":{"self":[{"href":"https:\/\/innocentiemangonipiante.it\/fr\/wp-json\/wp\/v2\/product\/68730","targetHints":{"allow":["GET"]}}],"collection":[{"href":"https:\/\/innocentiemangonipiante.it\/fr\/wp-json\/wp\/v2\/product"}],"about":[{"href":"https:\/\/innocentiemangonipiante.it\/fr\/wp-json\/wp\/v2\/types\/product"}],"wp:featuredmedia":[{"embeddable":true,"href":"https:\/\/innocentiemangonipiante.it\/fr\/wp-json\/wp\/v2\/media\/67385"}],"wp:attachment":[{"href":"https:\/\/innocentiemangonipiante.it\/fr\/wp-json\/wp\/v2\/media?parent=68730"}],"wp:term":[{"taxonomy":"product_brand","embeddable":true,"href":"https:\/\/innocentiemangonipiante.it\/fr\/wp-json\/wp\/v2\/product_brand?post=68730"},{"taxonomy":"product_cat","embeddable":true,"href":"https:\/\/innocentiemangonipiante.it\/fr\/wp-json\/wp\/v2\/product_cat?post=68730"},{"taxonomy":"product_tag","embeddable":true,"href":"https:\/\/innocentiemangonipiante.it\/fr\/wp-json\/wp\/v2\/product_tag?post=68730"}],"curies":[{"name":"wp","href":"https:\/\/api.w.org\/{rel}","templated":true}]}}