{"id":68731,"date":"2026-01-07T13:06:29","date_gmt":"2026-01-07T12:06:29","guid":{"rendered":"https:\/\/innocentiemangonipiante.it\/ficus-carica-gustis-ficcolino\/"},"modified":"2026-01-07T20:36:46","modified_gmt":"2026-01-07T19:36:46","slug":"ficus-carica-gustis-ficcolino","status":"publish","type":"product","link":"https:\/\/innocentiemangonipiante.it\/fr\/ficus-carica-gustis-ficcolino\/","title":{"rendered":"FICUS CARICA &lsquo;Gustis Ficcolino&rsquo; \u00ae"},"content":{"rendered":"<p>Vari\u00e9t\u00e9 naine. Compacte, elle fructifie en juin et en septembre sur le bois plus ancien. Fruits jaune-vert \u00e0 chair rose. Interessant pour le petit developpement et pour sa resistence au gele.<\/p>\n","protected":false},"excerpt":{"rendered":"<p>Vari\u00e9t\u00e9 naine. Compacte, elle fructifie en juin et en septembre sur le bois plus ancien. Fruits jaune-vert \u00e0 chair rose. Interessant pour le petit developpement et pour sa resistence au gele.<\/p>\n","protected":false},"featured_media":67406,"template":"","meta":{"_acf_changed":false},"product_brand":[],"product_cat":[8808],"product_tag":[10897],"class_list":{"0":"post-68731","1":"product","2":"type-product","3":"status-publish","4":"has-post-thumbnail","6":"product_cat-fruitiers","7":"product_tag-naturelle","8":"pa_altezza-massima-100-fr","9":"pa_altezza-massima-200-fr","10":"pa_famiglia-moraceae-fr","11":"pa_genere-ficus-carica-fr","12":"pa_origine-swiss","13":"pa_periodo-fruttificazione-juin","14":"pa_periodo-fruttificazione-septembre","15":"pa_portamento-arrondi","16":"pa_resistenza-climatica-moyenne-elevee","17":"pa_utilizzo-parcs","18":"pa_utilizzo-petits-jardins","20":"first","21":"instock","22":"purchasable","23":"product-type-simple"},"acf":[],"_links":{"self":[{"href":"https:\/\/innocentiemangonipiante.it\/fr\/wp-json\/wp\/v2\/product\/68731","targetHints":{"allow":["GET"]}}],"collection":[{"href":"https:\/\/innocentiemangonipiante.it\/fr\/wp-json\/wp\/v2\/product"}],"about":[{"href":"https:\/\/innocentiemangonipiante.it\/fr\/wp-json\/wp\/v2\/types\/product"}],"wp:featuredmedia":[{"embeddable":true,"href":"https:\/\/innocentiemangonipiante.it\/fr\/wp-json\/wp\/v2\/media\/67406"}],"wp:attachment":[{"href":"https:\/\/innocentiemangonipiante.it\/fr\/wp-json\/wp\/v2\/media?parent=68731"}],"wp:term":[{"taxonomy":"product_brand","embeddable":true,"href":"https:\/\/innocentiemangonipiante.it\/fr\/wp-json\/wp\/v2\/product_brand?post=68731"},{"taxonomy":"product_cat","embeddable":true,"href":"https:\/\/innocentiemangonipiante.it\/fr\/wp-json\/wp\/v2\/product_cat?post=68731"},{"taxonomy":"product_tag","embeddable":true,"href":"https:\/\/innocentiemangonipiante.it\/fr\/wp-json\/wp\/v2\/product_tag?post=68731"}],"curies":[{"name":"wp","href":"https:\/\/api.w.org\/{rel}","templated":true}]}}