{"id":68732,"date":"2026-01-07T14:16:35","date_gmt":"2026-01-07T13:16:35","guid":{"rendered":"https:\/\/innocentiemangonipiante.it\/hydrangea-paniculata-groundbreaker-blush\/"},"modified":"2026-01-07T20:36:50","modified_gmt":"2026-01-07T19:36:50","slug":"hydrangea-paniculata-groundbreaker-blush","status":"publish","type":"product","link":"https:\/\/innocentiemangonipiante.it\/fr\/hydrangea-paniculata-groundbreaker-blush\/","title":{"rendered":"HYDRANGEA paniculata &lsquo;Groundbreaker \u00ae Blush&rsquo;"},"content":{"rendered":"<p>Belle selection d&rsquo;hydrang\u00e9e pour le paysage. Vari\u00e9t\u00e9 \u00e9tal\u00e9e, \u00e9galement cultivable en pot. Floraison de juillet \u00e0 novembre avec de grandes inflorescences blanches et roses apparaissant simultan\u00e9ment blanches et roses. R\u00e9sistante au froid et au gel.<\/p>\n","protected":false},"excerpt":{"rendered":"<p>Belle selection d&rsquo;hydrang\u00e9e pour le paysage. Vari\u00e9t\u00e9 \u00e9tal\u00e9e, \u00e9galement cultivable en pot. Floraison de juillet \u00e0 novembre avec de grandes inflorescences blanches et roses apparaissant simultan\u00e9ment blanches et roses. R\u00e9sistante au froid et au gel.<\/p>\n","protected":false},"featured_media":67427,"template":"","meta":{"_acf_changed":false},"product_brand":[],"product_cat":[8812],"product_tag":[10897],"class_list":{"0":"post-68732","1":"product","2":"type-product","3":"status-publish","4":"has-post-thumbnail","6":"product_cat-arbres-et-arbustes-a-feuilles-caduques","7":"product_tag-naturelle","8":"pa_altezza-massima-0_30-metres","9":"pa_altezza-massima-0_50-metres","10":"pa_colore-fioritura-rose","11":"pa_famiglia-hydrangeaceae-fr","12":"pa_genere-hydrangea-fr","13":"pa_origine-hollande","14":"pa_periodo-fioritura-aout","15":"pa_periodo-fioritura-decembre","16":"pa_periodo-fioritura-juillet","17":"pa_periodo-fioritura-juin","18":"pa_periodo-fioritura-novembre-fr","19":"pa_periodo-fioritura-octobre","20":"pa_periodo-fioritura-septembre","21":"pa_portamento-allargato-fr","22":"pa_resistenza-climatica-moyenne-elevee","23":"pa_salinita-resistance-a-la-salinisation","24":"pa_utilizzo-balcons","25":"pa_utilizzo-bordures","26":"pa_utilizzo-parcs","27":"pa_utilizzo-petits-jardins","29":"first","30":"instock","31":"purchasable","32":"product-type-simple"},"acf":[],"_links":{"self":[{"href":"https:\/\/innocentiemangonipiante.it\/fr\/wp-json\/wp\/v2\/product\/68732","targetHints":{"allow":["GET"]}}],"collection":[{"href":"https:\/\/innocentiemangonipiante.it\/fr\/wp-json\/wp\/v2\/product"}],"about":[{"href":"https:\/\/innocentiemangonipiante.it\/fr\/wp-json\/wp\/v2\/types\/product"}],"wp:featuredmedia":[{"embeddable":true,"href":"https:\/\/innocentiemangonipiante.it\/fr\/wp-json\/wp\/v2\/media\/67427"}],"wp:attachment":[{"href":"https:\/\/innocentiemangonipiante.it\/fr\/wp-json\/wp\/v2\/media?parent=68732"}],"wp:term":[{"taxonomy":"product_brand","embeddable":true,"href":"https:\/\/innocentiemangonipiante.it\/fr\/wp-json\/wp\/v2\/product_brand?post=68732"},{"taxonomy":"product_cat","embeddable":true,"href":"https:\/\/innocentiemangonipiante.it\/fr\/wp-json\/wp\/v2\/product_cat?post=68732"},{"taxonomy":"product_tag","embeddable":true,"href":"https:\/\/innocentiemangonipiante.it\/fr\/wp-json\/wp\/v2\/product_tag?post=68732"}],"curies":[{"name":"wp","href":"https:\/\/api.w.org\/{rel}","templated":true}]}}