{"id":68733,"date":"2026-01-07T14:18:31","date_gmt":"2026-01-07T13:18:31","guid":{"rendered":"https:\/\/innocentiemangonipiante.it\/hydrangea-quercifolia-tara\/"},"modified":"2026-01-07T20:36:56","modified_gmt":"2026-01-07T19:36:56","slug":"hydrangea-quercifolia-tara","status":"publish","type":"product","link":"https:\/\/innocentiemangonipiante.it\/fr\/hydrangea-quercifolia-tara\/","title":{"rendered":"HYDRANGEA quercifolia &lsquo;Tara&rsquo; \u00ae"},"content":{"rendered":"<p>Une vari\u00e9t\u00e9 qui se distingue par ses panicules de fleurs blanches incroyablement denses de la fin de l&rsquo;\u00e9t\u00e9 \u00e0 l&rsquo;automne. Les feuilles vertes prennent des teintes bronze et rouge en automne. Tol\u00e8re le plein soleil mais pr\u00e9f\u00e8re la mi-ombre.<\/p>\n","protected":false},"excerpt":{"rendered":"<p>Une vari\u00e9t\u00e9 qui se distingue par ses panicules de fleurs blanches incroyablement denses de la fin de l&rsquo;\u00e9t\u00e9 \u00e0 l&rsquo;automne. Les feuilles vertes prennent des teintes bronze et rouge en automne. Tol\u00e8re le plein soleil mais pr\u00e9f\u00e8re la mi-ombre.<\/p>\n","protected":false},"featured_media":67523,"template":"","meta":{"_acf_changed":false},"product_brand":[],"product_cat":[8812],"product_tag":[10897],"class_list":{"0":"post-68733","1":"product","2":"type-product","3":"status-publish","4":"has-post-thumbnail","6":"product_cat-arbres-et-arbustes-a-feuilles-caduques","7":"product_tag-naturelle","8":"pa_altezza-massima-13928","9":"pa_altezza-massima-1-00","10":"pa_colore-fioritura-blanc","11":"pa_famiglia-hydrangeaceae-fr","12":"pa_genere-hydrangea-fr","13":"pa_origine-origine-delle-piante-u-s-a","14":"pa_periodo-fioritura-novembre-fr","15":"pa_periodo-fioritura-octobre","16":"pa_periodo-fioritura-septembre","17":"pa_portamento-allargato-fr","18":"pa_resistenza-climatica-moyenne-elevee","19":"pa_salinita-resistance-a-la-salinisation","20":"pa_utilizzo-parcs","21":"pa_utilizzo-petits-jardins","23":"first","24":"instock","25":"purchasable","26":"product-type-simple"},"acf":[],"_links":{"self":[{"href":"https:\/\/innocentiemangonipiante.it\/fr\/wp-json\/wp\/v2\/product\/68733","targetHints":{"allow":["GET"]}}],"collection":[{"href":"https:\/\/innocentiemangonipiante.it\/fr\/wp-json\/wp\/v2\/product"}],"about":[{"href":"https:\/\/innocentiemangonipiante.it\/fr\/wp-json\/wp\/v2\/types\/product"}],"wp:featuredmedia":[{"embeddable":true,"href":"https:\/\/innocentiemangonipiante.it\/fr\/wp-json\/wp\/v2\/media\/67523"}],"wp:attachment":[{"href":"https:\/\/innocentiemangonipiante.it\/fr\/wp-json\/wp\/v2\/media?parent=68733"}],"wp:term":[{"taxonomy":"product_brand","embeddable":true,"href":"https:\/\/innocentiemangonipiante.it\/fr\/wp-json\/wp\/v2\/product_brand?post=68733"},{"taxonomy":"product_cat","embeddable":true,"href":"https:\/\/innocentiemangonipiante.it\/fr\/wp-json\/wp\/v2\/product_cat?post=68733"},{"taxonomy":"product_tag","embeddable":true,"href":"https:\/\/innocentiemangonipiante.it\/fr\/wp-json\/wp\/v2\/product_tag?post=68733"}],"curies":[{"name":"wp","href":"https:\/\/api.w.org\/{rel}","templated":true}]}}