{"id":68734,"date":"2026-01-07T14:22:28","date_gmt":"2026-01-07T13:22:28","guid":{"rendered":"https:\/\/innocentiemangonipiante.it\/ilex-crenata-soft-touch\/"},"modified":"2026-01-07T20:37:00","modified_gmt":"2026-01-07T19:37:00","slug":"ilex-crenata-soft-touch","status":"publish","type":"product","link":"https:\/\/innocentiemangonipiante.it\/fr\/ilex-crenata-soft-touch\/","title":{"rendered":"ILEX crenata &lsquo;Soft Touch&rsquo;"},"content":{"rendered":"<p>Int\u00e9ressante pour son feuillage fin et ses rameaux souples et d\u00e9licats, qui rendent cette vari\u00e9t\u00e9 parfaite pour l&rsquo;art topiaire<\/p>\n","protected":false},"excerpt":{"rendered":"<p>Int\u00e9ressante pour son feuillage fin et ses rameaux souples et d\u00e9licats, qui rendent cette vari\u00e9t\u00e9 parfaite pour l&rsquo;art topiaire<\/p>\n","protected":false},"featured_media":67564,"template":"","meta":{"_acf_changed":false},"product_brand":[],"product_cat":[8817],"product_tag":[10897],"class_list":{"0":"post-68734","1":"product","2":"type-product","3":"status-publish","4":"has-post-thumbnail","6":"product_cat-arbres-et-arbustes-persistants","7":"product_tag-naturelle","8":"pa_altezza-massima-0_20-metres","9":"pa_altezza-massima-0_40-metres","10":"pa_colore-fioritura-blanc","11":"pa_famiglia-aquifoliaceae-fr","12":"pa_genere-ilex-fr","13":"pa_inquinamento-resistance-a-la-pollution","14":"pa_origine-east-asia","15":"pa_periodo-fioritura-avril","16":"pa_periodo-fioritura-mai","17":"pa_portamento-cespuglioso-fr","18":"pa_resistenza-climatica-tres-elevee","19":"pa_utilizzo-balcons","20":"pa_utilizzo-bordures","21":"pa_utilizzo-petits-jardins","23":"first","24":"instock","25":"purchasable","26":"product-type-simple"},"acf":[],"_links":{"self":[{"href":"https:\/\/innocentiemangonipiante.it\/fr\/wp-json\/wp\/v2\/product\/68734","targetHints":{"allow":["GET"]}}],"collection":[{"href":"https:\/\/innocentiemangonipiante.it\/fr\/wp-json\/wp\/v2\/product"}],"about":[{"href":"https:\/\/innocentiemangonipiante.it\/fr\/wp-json\/wp\/v2\/types\/product"}],"wp:featuredmedia":[{"embeddable":true,"href":"https:\/\/innocentiemangonipiante.it\/fr\/wp-json\/wp\/v2\/media\/67564"}],"wp:attachment":[{"href":"https:\/\/innocentiemangonipiante.it\/fr\/wp-json\/wp\/v2\/media?parent=68734"}],"wp:term":[{"taxonomy":"product_brand","embeddable":true,"href":"https:\/\/innocentiemangonipiante.it\/fr\/wp-json\/wp\/v2\/product_brand?post=68734"},{"taxonomy":"product_cat","embeddable":true,"href":"https:\/\/innocentiemangonipiante.it\/fr\/wp-json\/wp\/v2\/product_cat?post=68734"},{"taxonomy":"product_tag","embeddable":true,"href":"https:\/\/innocentiemangonipiante.it\/fr\/wp-json\/wp\/v2\/product_tag?post=68734"}],"curies":[{"name":"wp","href":"https:\/\/api.w.org\/{rel}","templated":true}]}}