{"id":68737,"date":"2026-01-07T14:23:32","date_gmt":"2026-01-07T13:23:32","guid":{"rendered":"https:\/\/innocentiemangonipiante.it\/leptospermum-silver-sheen\/"},"modified":"2026-01-07T20:37:10","modified_gmt":"2026-01-07T19:37:10","slug":"leptospermum-silver-sheen","status":"publish","type":"product","link":"https:\/\/innocentiemangonipiante.it\/fr\/leptospermum-silver-sheen\/","title":{"rendered":"LEPTOSPERMUM &lsquo;Silver Sheen&rsquo;"},"content":{"rendered":"<p>Arbuste persistant au feuillage argent\u00e9 fin et \u00e0 la floraison blanche longue et spectaculaire au printemps et en \u00e9t\u00e9. Adapt\u00e9 \u00e0 tous types de sols, r\u00e9sistant \u00e0 la salinit\u00e9 et au froid.<\/p>\n","protected":false},"excerpt":{"rendered":"<p>Arbuste persistant au feuillage argent\u00e9 fin et \u00e0 la floraison blanche longue et spectaculaire au printemps et en \u00e9t\u00e9. Adapt\u00e9 \u00e0 tous types de sols, r\u00e9sistant \u00e0 la salinit\u00e9 et au froid.<\/p>\n","protected":false},"featured_media":67607,"template":"","meta":{"_acf_changed":false},"product_brand":[],"product_cat":[8817],"product_tag":[10897],"class_list":{"0":"post-68737","1":"product","2":"type-product","3":"status-publish","4":"has-post-thumbnail","6":"product_cat-arbres-et-arbustes-persistants","7":"product_tag-naturelle","8":"pa_altezza-massima-150-fr","9":"pa_altezza-massima-170-fr-2","10":"pa_colore-delle-foglie-grises","11":"pa_colore-fioritura-blanc","12":"pa_famiglia-myrtaceae-fr","13":"pa_genere-leptospermum-fr","14":"pa_origine-australie","15":"pa_periodo-fioritura-aout","16":"pa_periodo-fioritura-avril","17":"pa_periodo-fioritura-juillet","18":"pa_periodo-fioritura-juin","19":"pa_periodo-fioritura-mai","20":"pa_portamento-cespuglioso-fr","21":"pa_profumo-delicat","22":"pa_resistenza-climatica-moyenne-elevee","23":"pa_salinita-resistance-a-la-salinisation","24":"pa_utilizzo-parcs","25":"pa_utilizzo-petits-jardins","27":"first","28":"instock","29":"purchasable","30":"product-type-simple"},"acf":[],"_links":{"self":[{"href":"https:\/\/innocentiemangonipiante.it\/fr\/wp-json\/wp\/v2\/product\/68737","targetHints":{"allow":["GET"]}}],"collection":[{"href":"https:\/\/innocentiemangonipiante.it\/fr\/wp-json\/wp\/v2\/product"}],"about":[{"href":"https:\/\/innocentiemangonipiante.it\/fr\/wp-json\/wp\/v2\/types\/product"}],"wp:featuredmedia":[{"embeddable":true,"href":"https:\/\/innocentiemangonipiante.it\/fr\/wp-json\/wp\/v2\/media\/67607"}],"wp:attachment":[{"href":"https:\/\/innocentiemangonipiante.it\/fr\/wp-json\/wp\/v2\/media?parent=68737"}],"wp:term":[{"taxonomy":"product_brand","embeddable":true,"href":"https:\/\/innocentiemangonipiante.it\/fr\/wp-json\/wp\/v2\/product_brand?post=68737"},{"taxonomy":"product_cat","embeddable":true,"href":"https:\/\/innocentiemangonipiante.it\/fr\/wp-json\/wp\/v2\/product_cat?post=68737"},{"taxonomy":"product_tag","embeddable":true,"href":"https:\/\/innocentiemangonipiante.it\/fr\/wp-json\/wp\/v2\/product_tag?post=68737"}],"curies":[{"name":"wp","href":"https:\/\/api.w.org\/{rel}","templated":true}]}}