{"id":68738,"date":"2026-01-07T14:23:57","date_gmt":"2026-01-07T13:23:57","guid":{"rendered":"https:\/\/innocentiemangonipiante.it\/leptospermum-coral-candy\/"},"modified":"2026-01-07T20:37:13","modified_gmt":"2026-01-07T19:37:13","slug":"leptospermum-coral-candy","status":"publish","type":"product","link":"https:\/\/innocentiemangonipiante.it\/fr\/leptospermum-coral-candy\/","title":{"rendered":"LEPTOSPERMUM &lsquo;Coral Candy&rsquo;"},"content":{"rendered":"<p>Arbuste persistant arrondi atteignant jusqu&rsquo;\u00e0 2 m de haut, avec des feuilles \u00e9troites, aromatiques lorsqu&rsquo;elles sont \u00e9cras\u00e9es. \u00c0 la fin du printemps et au d\u00e9but de l&rsquo;\u00e9t\u00e9, il produit une profusion de fleurs rose fonc\u00e9, semi-doubles, en forme de coupe peu profonde.<\/p>\n","protected":false},"excerpt":{"rendered":"<p>Arbuste persistant arrondi atteignant jusqu&rsquo;\u00e0 2 m de haut, avec des feuilles \u00e9troites, aromatiques lorsqu&rsquo;elles sont \u00e9cras\u00e9es. \u00c0 la fin du printemps et au d\u00e9but de l&rsquo;\u00e9t\u00e9, il produit une profusion de fleurs rose fonc\u00e9, semi-doubles, en forme de coupe peu profonde.<\/p>\n","protected":false},"featured_media":67623,"template":"","meta":{"_acf_changed":false},"product_brand":[],"product_cat":[8817],"product_tag":[10897],"class_list":{"0":"post-68738","1":"product","2":"type-product","3":"status-publish","4":"has-post-thumbnail","6":"product_cat-arbres-et-arbustes-persistants","7":"product_tag-naturelle","8":"pa_altezza-massima-100-fr","9":"pa_altezza-massima-200-fr","10":"pa_colore-fioritura-rose","11":"pa_famiglia-myrtaceae-fr","12":"pa_genere-leptospermum-fr","13":"pa_origine-australie","14":"pa_periodo-fioritura-aout","15":"pa_periodo-fioritura-juillet","16":"pa_periodo-fioritura-juin","17":"pa_periodo-fioritura-mai","18":"pa_portamento-arrondi","19":"pa_profumo-delicat","20":"pa_resistenza-climatica-moyenne-elevee","21":"pa_utilizzo-parcs","22":"pa_utilizzo-petits-jardins","24":"first","25":"instock","26":"purchasable","27":"product-type-simple"},"acf":[],"_links":{"self":[{"href":"https:\/\/innocentiemangonipiante.it\/fr\/wp-json\/wp\/v2\/product\/68738","targetHints":{"allow":["GET"]}}],"collection":[{"href":"https:\/\/innocentiemangonipiante.it\/fr\/wp-json\/wp\/v2\/product"}],"about":[{"href":"https:\/\/innocentiemangonipiante.it\/fr\/wp-json\/wp\/v2\/types\/product"}],"wp:featuredmedia":[{"embeddable":true,"href":"https:\/\/innocentiemangonipiante.it\/fr\/wp-json\/wp\/v2\/media\/67623"}],"wp:attachment":[{"href":"https:\/\/innocentiemangonipiante.it\/fr\/wp-json\/wp\/v2\/media?parent=68738"}],"wp:term":[{"taxonomy":"product_brand","embeddable":true,"href":"https:\/\/innocentiemangonipiante.it\/fr\/wp-json\/wp\/v2\/product_brand?post=68738"},{"taxonomy":"product_cat","embeddable":true,"href":"https:\/\/innocentiemangonipiante.it\/fr\/wp-json\/wp\/v2\/product_cat?post=68738"},{"taxonomy":"product_tag","embeddable":true,"href":"https:\/\/innocentiemangonipiante.it\/fr\/wp-json\/wp\/v2\/product_tag?post=68738"}],"curies":[{"name":"wp","href":"https:\/\/api.w.org\/{rel}","templated":true}]}}