{"id":68739,"date":"2026-01-07T14:24:20","date_gmt":"2026-01-07T13:24:20","guid":{"rendered":"https:\/\/innocentiemangonipiante.it\/leptospermum-crimson-glory\/"},"modified":"2026-01-07T20:37:16","modified_gmt":"2026-01-07T19:37:16","slug":"leptospermum-crimson-glory","status":"publish","type":"product","link":"https:\/\/innocentiemangonipiante.it\/fr\/leptospermum-crimson-glory\/","title":{"rendered":"LEPTOSPERMUM &lsquo;Crimson Glory&rsquo;"},"content":{"rendered":"<p>Une vari\u00e9t\u00e9 de taille moyenne au port dress\u00e9, offrant une floraison \u00e9clatante d\u2019un rose presque rouge. \u00c0 la fin du printemps ou au d\u00e9but de l\u2019\u00e9t\u00e9, ses petites fleurs doubles \u00e9closent le long des branches. Le feuillage passe du vert fonc\u00e9 au vert brun.<\/p>\n","protected":false},"excerpt":{"rendered":"<p>Une vari\u00e9t\u00e9 de taille moyenne au port dress\u00e9, offrant une floraison \u00e9clatante d\u2019un rose presque rouge. \u00c0 la fin du printemps ou au d\u00e9but de l\u2019\u00e9t\u00e9, ses petites fleurs doubles \u00e9closent le long des branches. Le feuillage passe du vert fonc\u00e9 au vert brun.<\/p>\n","protected":false},"featured_media":67634,"template":"","meta":{"_acf_changed":false},"product_brand":[],"product_cat":[8817],"product_tag":[10897],"class_list":{"0":"post-68739","1":"product","2":"type-product","3":"status-publish","4":"has-post-thumbnail","6":"product_cat-arbres-et-arbustes-persistants","7":"product_tag-naturelle","8":"pa_altezza-massima-150-fr","9":"pa_colore-fioritura-rose","10":"pa_famiglia-myrtaceae-fr","11":"pa_genere-leptospermum-fr","12":"pa_origine-australie","13":"pa_periodo-fioritura-aout","14":"pa_periodo-fioritura-juillet","15":"pa_periodo-fioritura-juin","16":"pa_periodo-fioritura-mai","17":"pa_portamento-eretto-fr","18":"pa_profumo-delicat","19":"pa_resistenza-climatica-moyenne-elevee","20":"pa_utilizzo-parcs","21":"pa_utilizzo-petits-jardins","23":"first","24":"instock","25":"purchasable","26":"product-type-simple"},"acf":[],"_links":{"self":[{"href":"https:\/\/innocentiemangonipiante.it\/fr\/wp-json\/wp\/v2\/product\/68739","targetHints":{"allow":["GET"]}}],"collection":[{"href":"https:\/\/innocentiemangonipiante.it\/fr\/wp-json\/wp\/v2\/product"}],"about":[{"href":"https:\/\/innocentiemangonipiante.it\/fr\/wp-json\/wp\/v2\/types\/product"}],"wp:featuredmedia":[{"embeddable":true,"href":"https:\/\/innocentiemangonipiante.it\/fr\/wp-json\/wp\/v2\/media\/67634"}],"wp:attachment":[{"href":"https:\/\/innocentiemangonipiante.it\/fr\/wp-json\/wp\/v2\/media?parent=68739"}],"wp:term":[{"taxonomy":"product_brand","embeddable":true,"href":"https:\/\/innocentiemangonipiante.it\/fr\/wp-json\/wp\/v2\/product_brand?post=68739"},{"taxonomy":"product_cat","embeddable":true,"href":"https:\/\/innocentiemangonipiante.it\/fr\/wp-json\/wp\/v2\/product_cat?post=68739"},{"taxonomy":"product_tag","embeddable":true,"href":"https:\/\/innocentiemangonipiante.it\/fr\/wp-json\/wp\/v2\/product_tag?post=68739"}],"curies":[{"name":"wp","href":"https:\/\/api.w.org\/{rel}","templated":true}]}}