{"id":68740,"date":"2026-01-07T14:24:40","date_gmt":"2026-01-07T13:24:40","guid":{"rendered":"https:\/\/innocentiemangonipiante.it\/leptospermum-snow-fluries\/"},"modified":"2026-01-07T20:37:19","modified_gmt":"2026-01-07T19:37:19","slug":"leptospermum-snow-fluries","status":"publish","type":"product","link":"https:\/\/innocentiemangonipiante.it\/fr\/leptospermum-snow-fluries\/","title":{"rendered":"LEPTOSPERMUM &lsquo;Snow Fluries&rsquo; \u00ae"},"content":{"rendered":"<p>Arbuste persistant avec une floraison estivale de fleurs blanches doubles. Les feuilles \u00e9troites sont lanc\u00e9ol\u00e9es et mesurent environ 1,5 cm de long, d\u00e9gageant un parfum lorsqu&rsquo;elles sont bris\u00e9es.<\/p>\n","protected":false},"excerpt":{"rendered":"<p>Arbuste persistant avec une floraison estivale de fleurs blanches doubles. Les feuilles \u00e9troites sont lanc\u00e9ol\u00e9es et mesurent environ 1,5 cm de long, d\u00e9gageant un parfum lorsqu&rsquo;elles sont bris\u00e9es.<\/p>\n","protected":false},"featured_media":67640,"template":"","meta":{"_acf_changed":false},"product_brand":[],"product_cat":[8817],"product_tag":[10897],"class_list":{"0":"post-68740","1":"product","2":"type-product","3":"status-publish","4":"has-post-thumbnail","6":"product_cat-arbres-et-arbustes-persistants","7":"product_tag-naturelle","8":"pa_altezza-massima-200-fr","9":"pa_altezza-massima-300-fr-2","10":"pa_colore-fioritura-blanc","11":"pa_famiglia-myrtaceae-fr","12":"pa_genere-leptospermum-fr","13":"pa_origine-australie","14":"pa_periodo-fioritura-aout","15":"pa_periodo-fioritura-juillet","16":"pa_periodo-fioritura-juin","17":"pa_periodo-fioritura-mai","18":"pa_portamento-cespuglioso-fr","19":"pa_profumo-delicat","20":"pa_resistenza-climatica-moyenne","21":"pa_utilizzo-parcs","22":"pa_utilizzo-petits-jardins","24":"first","25":"instock","26":"purchasable","27":"product-type-simple"},"acf":[],"_links":{"self":[{"href":"https:\/\/innocentiemangonipiante.it\/fr\/wp-json\/wp\/v2\/product\/68740","targetHints":{"allow":["GET"]}}],"collection":[{"href":"https:\/\/innocentiemangonipiante.it\/fr\/wp-json\/wp\/v2\/product"}],"about":[{"href":"https:\/\/innocentiemangonipiante.it\/fr\/wp-json\/wp\/v2\/types\/product"}],"wp:featuredmedia":[{"embeddable":true,"href":"https:\/\/innocentiemangonipiante.it\/fr\/wp-json\/wp\/v2\/media\/67640"}],"wp:attachment":[{"href":"https:\/\/innocentiemangonipiante.it\/fr\/wp-json\/wp\/v2\/media?parent=68740"}],"wp:term":[{"taxonomy":"product_brand","embeddable":true,"href":"https:\/\/innocentiemangonipiante.it\/fr\/wp-json\/wp\/v2\/product_brand?post=68740"},{"taxonomy":"product_cat","embeddable":true,"href":"https:\/\/innocentiemangonipiante.it\/fr\/wp-json\/wp\/v2\/product_cat?post=68740"},{"taxonomy":"product_tag","embeddable":true,"href":"https:\/\/innocentiemangonipiante.it\/fr\/wp-json\/wp\/v2\/product_tag?post=68740"}],"curies":[{"name":"wp","href":"https:\/\/api.w.org\/{rel}","templated":true}]}}