{"id":68741,"date":"2026-01-07T14:25:02","date_gmt":"2026-01-07T13:25:02","guid":{"rendered":"https:\/\/innocentiemangonipiante.it\/magnolia-stellar-ruby\/"},"modified":"2026-01-08T12:27:33","modified_gmt":"2026-01-08T11:27:33","slug":"magnolia-stellar-ruby","status":"publish","type":"product","link":"https:\/\/innocentiemangonipiante.it\/fr\/magnolia-stellar-ruby\/","title":{"rendered":"MAGNOLIA &lsquo;Stellar Ruby&rsquo; \u00ae"},"content":{"rendered":"<p>Cette magnifique variet\u00e9 de magnolia persistente se distingue par son port fastigi\u00e9, ce qui la rend adapt\u00e9e \u00b0 la fois aux grands ou aux petits jardins. Son feuillage vert brillant est tr\u00e8s dense et se couvre de fleurs couleur rubis du printemps au d\u00e9but de l\u2019\u00e9t\u00e9. \u00c0 la fin de l\u2019\u00e9t\u00e9, elle surprendra avec une autre s\u00e9rie de floraisons parfum\u00e9es.<\/p>\n","protected":false},"excerpt":{"rendered":"<p>Cette magnifique variet\u00e9 de magnolia persistente se distingue par son port fastigi\u00e9, ce qui la rend adapt\u00e9e \u00b0 la fois aux grands ou aux petits jardins. Son feuillage vert brillant est tr\u00e8s dense et se couvre de fleurs couleur rubis du printemps au d\u00e9but de l\u2019\u00e9t\u00e9. \u00c0 la fin de l\u2019\u00e9t\u00e9, elle surprendra avec une [&hellip;]<\/p>\n","protected":false},"featured_media":67671,"template":"","meta":{"_acf_changed":false},"product_brand":[],"product_cat":[8817],"product_tag":[10897],"class_list":{"0":"post-68741","1":"product","2":"type-product","3":"status-publish","4":"has-post-thumbnail","6":"product_cat-arbres-et-arbustes-persistants","7":"product_tag-naturelle","8":"pa_altezza-massima-300-fr-2","9":"pa_altezza-massima-400-fr","10":"pa_colore-fioritura-rouge","11":"pa_famiglia-magnoliaceae-fr","12":"pa_genere-magnolia-fr","13":"pa_origine-origine-delle-piante-u-s-a","14":"pa_periodo-fioritura-avril","15":"pa_periodo-fioritura-juin","16":"pa_periodo-fioritura-mai","17":"pa_periodo-fioritura-septembre","18":"pa_portamento-fastigiato-fr","19":"pa_profumo-intense-fr","20":"pa_resistenza-climatica-tres-elevee","21":"pa_utilizzo-petits-jardins","23":"first","24":"instock","25":"purchasable","26":"product-type-simple"},"acf":[],"_links":{"self":[{"href":"https:\/\/innocentiemangonipiante.it\/fr\/wp-json\/wp\/v2\/product\/68741","targetHints":{"allow":["GET"]}}],"collection":[{"href":"https:\/\/innocentiemangonipiante.it\/fr\/wp-json\/wp\/v2\/product"}],"about":[{"href":"https:\/\/innocentiemangonipiante.it\/fr\/wp-json\/wp\/v2\/types\/product"}],"wp:featuredmedia":[{"embeddable":true,"href":"https:\/\/innocentiemangonipiante.it\/fr\/wp-json\/wp\/v2\/media\/67671"}],"wp:attachment":[{"href":"https:\/\/innocentiemangonipiante.it\/fr\/wp-json\/wp\/v2\/media?parent=68741"}],"wp:term":[{"taxonomy":"product_brand","embeddable":true,"href":"https:\/\/innocentiemangonipiante.it\/fr\/wp-json\/wp\/v2\/product_brand?post=68741"},{"taxonomy":"product_cat","embeddable":true,"href":"https:\/\/innocentiemangonipiante.it\/fr\/wp-json\/wp\/v2\/product_cat?post=68741"},{"taxonomy":"product_tag","embeddable":true,"href":"https:\/\/innocentiemangonipiante.it\/fr\/wp-json\/wp\/v2\/product_tag?post=68741"}],"curies":[{"name":"wp","href":"https:\/\/api.w.org\/{rel}","templated":true}]}}