{"id":68742,"date":"2026-01-07T14:26:07","date_gmt":"2026-01-07T13:26:07","guid":{"rendered":"https:\/\/innocentiemangonipiante.it\/mangave-blazing-saddles\/"},"modified":"2026-01-07T20:37:26","modified_gmt":"2026-01-07T19:37:26","slug":"mangave-blazing-saddles","status":"publish","type":"product","link":"https:\/\/innocentiemangonipiante.it\/fr\/mangave-blazing-saddles\/","title":{"rendered":"MANGAVE &lsquo;Blazing Saddles&rsquo; \u00ae"},"content":{"rendered":"<p>Vari\u00e9t\u00e9 aux feuilles vertes parsem\u00e9es de nombreux points rouges.<\/p>\n","protected":false},"excerpt":{"rendered":"<p>Vari\u00e9t\u00e9 aux feuilles vertes parsem\u00e9es de nombreux points rouges.<\/p>\n","protected":false},"featured_media":67682,"template":"","meta":{"_acf_changed":false},"product_brand":[],"product_cat":[8833],"product_tag":[10897],"class_list":{"0":"post-68742","1":"product","2":"type-product","3":"status-publish","4":"has-post-thumbnail","6":"product_cat-palme-et-succulent","7":"product_tag-naturelle","8":"pa_altezza-massima-0_20-metres","9":"pa_colore-delle-foglie-panachees","10":"pa_famiglia-asparagaceae-fr","11":"pa_genere-mangave-fr","12":"pa_origine-origine-delle-piante-u-s-a","13":"pa_portamento-allargato-fr","14":"pa_resistenza-climatica-plantes-avec-une-faible-resistance-climatique","15":"pa_utilizzo-balcons","16":"pa_utilizzo-interieur","17":"pa_utilizzo-petits-jardins","19":"first","20":"instock","21":"purchasable","22":"product-type-simple"},"acf":[],"_links":{"self":[{"href":"https:\/\/innocentiemangonipiante.it\/fr\/wp-json\/wp\/v2\/product\/68742","targetHints":{"allow":["GET"]}}],"collection":[{"href":"https:\/\/innocentiemangonipiante.it\/fr\/wp-json\/wp\/v2\/product"}],"about":[{"href":"https:\/\/innocentiemangonipiante.it\/fr\/wp-json\/wp\/v2\/types\/product"}],"wp:featuredmedia":[{"embeddable":true,"href":"https:\/\/innocentiemangonipiante.it\/fr\/wp-json\/wp\/v2\/media\/67682"}],"wp:attachment":[{"href":"https:\/\/innocentiemangonipiante.it\/fr\/wp-json\/wp\/v2\/media?parent=68742"}],"wp:term":[{"taxonomy":"product_brand","embeddable":true,"href":"https:\/\/innocentiemangonipiante.it\/fr\/wp-json\/wp\/v2\/product_brand?post=68742"},{"taxonomy":"product_cat","embeddable":true,"href":"https:\/\/innocentiemangonipiante.it\/fr\/wp-json\/wp\/v2\/product_cat?post=68742"},{"taxonomy":"product_tag","embeddable":true,"href":"https:\/\/innocentiemangonipiante.it\/fr\/wp-json\/wp\/v2\/product_tag?post=68742"}],"curies":[{"name":"wp","href":"https:\/\/api.w.org\/{rel}","templated":true}]}}