{"id":68743,"date":"2026-01-07T14:26:35","date_gmt":"2026-01-07T13:26:35","guid":{"rendered":"https:\/\/innocentiemangonipiante.it\/nandina-domestica-red-light\/"},"modified":"2026-01-07T20:37:28","modified_gmt":"2026-01-07T19:37:28","slug":"nandina-domestica-red-light","status":"publish","type":"product","link":"https:\/\/innocentiemangonipiante.it\/fr\/nandina-domestica-red-light\/","title":{"rendered":"NANDINA domestica &lsquo;Red Light&rsquo; \u00ae"},"content":{"rendered":"<p>Vari\u00e9t\u00e9 compacte. Feuillage panach\u00e9 vert et blanc avec de nouvelles pousses rose fonc\u00e9.<\/p>\n","protected":false},"excerpt":{"rendered":"<p>Vari\u00e9t\u00e9 compacte. Feuillage panach\u00e9 vert et blanc avec de nouvelles pousses rose fonc\u00e9.<\/p>\n","protected":false},"featured_media":67693,"template":"","meta":{"_acf_changed":false},"product_brand":[],"product_cat":[8817],"product_tag":[10897],"class_list":{"0":"post-68743","1":"product","2":"type-product","3":"status-publish","4":"has-post-thumbnail","6":"product_cat-arbres-et-arbustes-persistants","7":"product_tag-naturelle","8":"pa_altezza-massima-0_80-metres","9":"pa_colore-delle-foglie-panachees","10":"pa_famiglia-berberidaceae-fr","11":"pa_genere-nandina-fr","12":"pa_origine-irlande","13":"pa_portamento-cespuglioso-fr","14":"pa_resistenza-climatica-moyenne-elevee","15":"pa_utilizzo-balcons","16":"pa_utilizzo-petits-jardins","18":"first","19":"instock","20":"purchasable","21":"product-type-simple"},"acf":[],"_links":{"self":[{"href":"https:\/\/innocentiemangonipiante.it\/fr\/wp-json\/wp\/v2\/product\/68743","targetHints":{"allow":["GET"]}}],"collection":[{"href":"https:\/\/innocentiemangonipiante.it\/fr\/wp-json\/wp\/v2\/product"}],"about":[{"href":"https:\/\/innocentiemangonipiante.it\/fr\/wp-json\/wp\/v2\/types\/product"}],"wp:featuredmedia":[{"embeddable":true,"href":"https:\/\/innocentiemangonipiante.it\/fr\/wp-json\/wp\/v2\/media\/67693"}],"wp:attachment":[{"href":"https:\/\/innocentiemangonipiante.it\/fr\/wp-json\/wp\/v2\/media?parent=68743"}],"wp:term":[{"taxonomy":"product_brand","embeddable":true,"href":"https:\/\/innocentiemangonipiante.it\/fr\/wp-json\/wp\/v2\/product_brand?post=68743"},{"taxonomy":"product_cat","embeddable":true,"href":"https:\/\/innocentiemangonipiante.it\/fr\/wp-json\/wp\/v2\/product_cat?post=68743"},{"taxonomy":"product_tag","embeddable":true,"href":"https:\/\/innocentiemangonipiante.it\/fr\/wp-json\/wp\/v2\/product_tag?post=68743"}],"curies":[{"name":"wp","href":"https:\/\/api.w.org\/{rel}","templated":true}]}}