{"id":68744,"date":"2026-01-07T15:10:17","date_gmt":"2026-01-07T14:10:17","guid":{"rendered":"https:\/\/innocentiemangonipiante.it\/olearia-spring-bling\/"},"modified":"2026-01-07T20:37:32","modified_gmt":"2026-01-07T19:37:32","slug":"olearia-spring-bling","status":"publish","type":"product","link":"https:\/\/innocentiemangonipiante.it\/fr\/olearia-spring-bling\/","title":{"rendered":"OLEARIA &lsquo;Spring Bling&rsquo; \u00ae"},"content":{"rendered":"<p>Arbuste persistant qui se couvre de fleurs semblables \u00e0 des marguerites de la fin du printemps au d\u00e9but de l\u2019\u00e9t\u00e9. Son feuillage est aromatique. Il tol\u00e8re la salinit\u00e9 et est r\u00e9sistant au froid.<\/p>\n","protected":false},"excerpt":{"rendered":"<p>Arbuste persistant qui se couvre de fleurs semblables \u00e0 des marguerites de la fin du printemps au d\u00e9but de l\u2019\u00e9t\u00e9. Son feuillage est aromatique. Il tol\u00e8re la salinit\u00e9 et est r\u00e9sistant au froid.<\/p>\n","protected":false},"featured_media":67729,"template":"","meta":{"_acf_changed":false},"product_brand":[],"product_cat":[8317],"product_tag":[10897],"class_list":{"0":"post-68744","1":"product","2":"type-product","3":"status-publish","4":"has-post-thumbnail","6":"product_cat-sans-categorie","7":"product_tag-naturelle","8":"pa_altezza-massima-100-fr","9":"pa_altezza-massima-150-fr","10":"pa_colore-delle-foglie-grises","11":"pa_colore-fioritura-blanc","12":"pa_famiglia-asteraceae-fr","13":"pa_genere-olearia","14":"pa_origine-angleterre","15":"pa_periodo-fioritura-juin","16":"pa_periodo-fioritura-mai","17":"pa_portamento-cespuglioso-fr","18":"pa_resistenza-climatica-moyenne-elevee","19":"pa_salinita-resistance-a-la-salinisation","20":"pa_utilizzo-petits-jardins","22":"first","23":"instock","24":"purchasable","25":"product-type-simple"},"acf":[],"_links":{"self":[{"href":"https:\/\/innocentiemangonipiante.it\/fr\/wp-json\/wp\/v2\/product\/68744","targetHints":{"allow":["GET"]}}],"collection":[{"href":"https:\/\/innocentiemangonipiante.it\/fr\/wp-json\/wp\/v2\/product"}],"about":[{"href":"https:\/\/innocentiemangonipiante.it\/fr\/wp-json\/wp\/v2\/types\/product"}],"wp:featuredmedia":[{"embeddable":true,"href":"https:\/\/innocentiemangonipiante.it\/fr\/wp-json\/wp\/v2\/media\/67729"}],"wp:attachment":[{"href":"https:\/\/innocentiemangonipiante.it\/fr\/wp-json\/wp\/v2\/media?parent=68744"}],"wp:term":[{"taxonomy":"product_brand","embeddable":true,"href":"https:\/\/innocentiemangonipiante.it\/fr\/wp-json\/wp\/v2\/product_brand?post=68744"},{"taxonomy":"product_cat","embeddable":true,"href":"https:\/\/innocentiemangonipiante.it\/fr\/wp-json\/wp\/v2\/product_cat?post=68744"},{"taxonomy":"product_tag","embeddable":true,"href":"https:\/\/innocentiemangonipiante.it\/fr\/wp-json\/wp\/v2\/product_tag?post=68744"}],"curies":[{"name":"wp","href":"https:\/\/api.w.org\/{rel}","templated":true}]}}