{"id":68745,"date":"2026-01-07T15:13:00","date_gmt":"2026-01-07T14:13:00","guid":{"rendered":"https:\/\/innocentiemangonipiante.it\/olea-europaea-favolosa\/"},"modified":"2026-01-07T20:37:36","modified_gmt":"2026-01-07T19:37:36","slug":"olea-europaea-favolosa","status":"publish","type":"product","link":"https:\/\/innocentiemangonipiante.it\/fr\/olea-europaea-favolosa\/","title":{"rendered":"OLEA europaea &lsquo;Favolosa&rsquo;"},"content":{"rendered":"<p>Une vari\u00e9t\u00e9 d&rsquo;olivier s\u00e9lectionn\u00e9e en Italie gr\u00e2ce \u00e0 la s\u00e9lection massale de semis de la vari\u00e9t\u00e9 &lsquo;Frantoio&rsquo;. L&rsquo;une de ses principales caract\u00e9ristiques est sa r\u00e9sistance \u00e0 la bact\u00e9rie Xylella Fastidiosa. D\u00e8s la 2e et la 3e ann\u00e9e, la fructification est dense et offre un rendement \u00e9lev\u00e9 en huile de qualit\u00e9.<\/p>\n","protected":false},"excerpt":{"rendered":"<p>Une vari\u00e9t\u00e9 d&rsquo;olivier s\u00e9lectionn\u00e9e en Italie gr\u00e2ce \u00e0 la s\u00e9lection massale de semis de la vari\u00e9t\u00e9 &lsquo;Frantoio&rsquo;. L&rsquo;une de ses principales caract\u00e9ristiques est sa r\u00e9sistance \u00e0 la bact\u00e9rie Xylella Fastidiosa. D\u00e8s la 2e et la 3e ann\u00e9e, la fructification est dense et offre un rendement \u00e9lev\u00e9 en huile de qualit\u00e9.<\/p>\n","protected":false},"featured_media":67835,"template":"","meta":{"_acf_changed":false},"product_brand":[],"product_cat":[8817],"product_tag":[10897],"class_list":{"0":"post-68745","1":"product","2":"type-product","3":"status-publish","4":"has-post-thumbnail","6":"product_cat-arbres-et-arbustes-persistants","7":"product_tag-naturelle","8":"pa_altezza-massima-700-fr-2","9":"pa_altezza-massima-800-fr","10":"pa_colore-delle-foglie-grises","11":"pa_colore-fioritura-blanc","12":"pa_famiglia-oleaceae-fr","13":"pa_genere-olea-fr","14":"pa_origine-italie","15":"pa_periodo-fioritura-mai","16":"pa_periodo-fruttificazione-novembre-fr","17":"pa_periodo-fruttificazione-octobre","18":"pa_portamento-arrondi","19":"pa_profumo-delicat","20":"pa_resistenza-climatica-plantes-avec-une-faible-resistance-climatique","21":"pa_utilizzo-parcs","23":"first","24":"instock","25":"purchasable","26":"product-type-simple"},"acf":[],"_links":{"self":[{"href":"https:\/\/innocentiemangonipiante.it\/fr\/wp-json\/wp\/v2\/product\/68745","targetHints":{"allow":["GET"]}}],"collection":[{"href":"https:\/\/innocentiemangonipiante.it\/fr\/wp-json\/wp\/v2\/product"}],"about":[{"href":"https:\/\/innocentiemangonipiante.it\/fr\/wp-json\/wp\/v2\/types\/product"}],"wp:featuredmedia":[{"embeddable":true,"href":"https:\/\/innocentiemangonipiante.it\/fr\/wp-json\/wp\/v2\/media\/67835"}],"wp:attachment":[{"href":"https:\/\/innocentiemangonipiante.it\/fr\/wp-json\/wp\/v2\/media?parent=68745"}],"wp:term":[{"taxonomy":"product_brand","embeddable":true,"href":"https:\/\/innocentiemangonipiante.it\/fr\/wp-json\/wp\/v2\/product_brand?post=68745"},{"taxonomy":"product_cat","embeddable":true,"href":"https:\/\/innocentiemangonipiante.it\/fr\/wp-json\/wp\/v2\/product_cat?post=68745"},{"taxonomy":"product_tag","embeddable":true,"href":"https:\/\/innocentiemangonipiante.it\/fr\/wp-json\/wp\/v2\/product_tag?post=68745"}],"curies":[{"name":"wp","href":"https:\/\/api.w.org\/{rel}","templated":true}]}}