{"id":68747,"date":"2026-01-07T15:36:38","date_gmt":"2026-01-07T14:36:38","guid":{"rendered":"https:\/\/innocentiemangonipiante.it\/philadelphus-petite-perfume-white\/"},"modified":"2026-01-07T20:37:43","modified_gmt":"2026-01-07T19:37:43","slug":"philadelphus-petite-perfume-white","status":"publish","type":"product","link":"https:\/\/innocentiemangonipiante.it\/fr\/philadelphus-petite-perfume-white\/","title":{"rendered":"PHILADELPHUS &lsquo;Petite Perfume White&rsquo; \u00ae"},"content":{"rendered":"<p>Vari\u00e9t\u00e9 compacte et arrondie offrant une floraison estivale majestueuse, avec une multitude de petites fleurs blanches tr\u00e8s parfum\u00e9es.<\/p>\n","protected":false},"excerpt":{"rendered":"<p>Vari\u00e9t\u00e9 compacte et arrondie offrant une floraison estivale majestueuse, avec une multitude de petites fleurs blanches tr\u00e8s parfum\u00e9es.<\/p>\n","protected":false},"featured_media":67917,"template":"","meta":{"_acf_changed":false},"product_brand":[],"product_cat":[8812],"product_tag":[10897],"class_list":{"0":"post-68747","1":"product","2":"type-product","3":"status-publish","4":"has-post-thumbnail","6":"product_cat-arbres-et-arbustes-a-feuilles-caduques","7":"product_tag-naturelle","8":"pa_altezza-massima-100-fr","9":"pa_altezza-massima-120-fr","10":"pa_colore-fioritura-blanc","11":"pa_famiglia-philadelphaceae-fr","12":"pa_genere-philadelphus-fr","13":"pa_origine-u-k","14":"pa_periodo-fioritura-aout","15":"pa_periodo-fioritura-juillet","16":"pa_periodo-fioritura-juin","17":"pa_portamento-arrondi","18":"pa_profumo-intense-fr","19":"pa_resistenza-climatica-moyenne-elevee","20":"pa_salinita-resistance-a-la-salinisation","21":"pa_utilizzo-balcons","22":"pa_utilizzo-bordures","23":"pa_utilizzo-parcs","24":"pa_utilizzo-petits-jardins","26":"first","27":"instock","28":"purchasable","29":"product-type-simple"},"acf":[],"_links":{"self":[{"href":"https:\/\/innocentiemangonipiante.it\/fr\/wp-json\/wp\/v2\/product\/68747","targetHints":{"allow":["GET"]}}],"collection":[{"href":"https:\/\/innocentiemangonipiante.it\/fr\/wp-json\/wp\/v2\/product"}],"about":[{"href":"https:\/\/innocentiemangonipiante.it\/fr\/wp-json\/wp\/v2\/types\/product"}],"wp:featuredmedia":[{"embeddable":true,"href":"https:\/\/innocentiemangonipiante.it\/fr\/wp-json\/wp\/v2\/media\/67917"}],"wp:attachment":[{"href":"https:\/\/innocentiemangonipiante.it\/fr\/wp-json\/wp\/v2\/media?parent=68747"}],"wp:term":[{"taxonomy":"product_brand","embeddable":true,"href":"https:\/\/innocentiemangonipiante.it\/fr\/wp-json\/wp\/v2\/product_brand?post=68747"},{"taxonomy":"product_cat","embeddable":true,"href":"https:\/\/innocentiemangonipiante.it\/fr\/wp-json\/wp\/v2\/product_cat?post=68747"},{"taxonomy":"product_tag","embeddable":true,"href":"https:\/\/innocentiemangonipiante.it\/fr\/wp-json\/wp\/v2\/product_tag?post=68747"}],"curies":[{"name":"wp","href":"https:\/\/api.w.org\/{rel}","templated":true}]}}