{"id":68748,"date":"2026-01-07T15:38:41","date_gmt":"2026-01-07T14:38:41","guid":{"rendered":"https:\/\/innocentiemangonipiante.it\/photinia-fraseri-little-fenna\/"},"modified":"2026-01-07T20:37:47","modified_gmt":"2026-01-07T19:37:47","slug":"photinia-fraseri-little-fenna","status":"publish","type":"product","link":"https:\/\/innocentiemangonipiante.it\/fr\/photinia-fraseri-little-fenna\/","title":{"rendered":"PHOTINIA fraseri &lsquo;Little Fenna&rsquo; \u00ae"},"content":{"rendered":"<p>Petite photinia au form compact caract\u00e9ris\u00e9e par de nouvelles pousses rose vif contrastant avec le feuillage vert fonc\u00e9. Adapt\u00e9e aux emplacements ensoleill\u00e9s et \u00e0 la mi-ombre.<\/p>\n","protected":false},"excerpt":{"rendered":"<p>Petite photinia au form compact caract\u00e9ris\u00e9e par de nouvelles pousses rose vif contrastant avec le feuillage vert fonc\u00e9. Adapt\u00e9e aux emplacements ensoleill\u00e9s et \u00e0 la mi-ombre.<\/p>\n","protected":false},"featured_media":67993,"template":"","meta":{"_acf_changed":false},"product_brand":[],"product_cat":[8817],"product_tag":[10897],"class_list":{"0":"post-68748","1":"product","2":"type-product","3":"status-publish","4":"has-post-thumbnail","6":"product_cat-arbres-et-arbustes-persistants","7":"product_tag-naturelle","8":"pa_altezza-massima-0_75-metres","9":"pa_altezza-massima-0_90-metres","10":"pa_famiglia-rosaceae-fr","11":"pa_genere-photinia-fr","12":"pa_origine-hollande","13":"pa_portamento-arrondi","14":"pa_resistenza-climatica-tres-elevee","15":"pa_utilizzo-balcons","16":"pa_utilizzo-haies","17":"pa_utilizzo-petits-jardins","19":"first","20":"instock","21":"purchasable","22":"product-type-simple"},"acf":[],"_links":{"self":[{"href":"https:\/\/innocentiemangonipiante.it\/fr\/wp-json\/wp\/v2\/product\/68748","targetHints":{"allow":["GET"]}}],"collection":[{"href":"https:\/\/innocentiemangonipiante.it\/fr\/wp-json\/wp\/v2\/product"}],"about":[{"href":"https:\/\/innocentiemangonipiante.it\/fr\/wp-json\/wp\/v2\/types\/product"}],"wp:featuredmedia":[{"embeddable":true,"href":"https:\/\/innocentiemangonipiante.it\/fr\/wp-json\/wp\/v2\/media\/67993"}],"wp:attachment":[{"href":"https:\/\/innocentiemangonipiante.it\/fr\/wp-json\/wp\/v2\/media?parent=68748"}],"wp:term":[{"taxonomy":"product_brand","embeddable":true,"href":"https:\/\/innocentiemangonipiante.it\/fr\/wp-json\/wp\/v2\/product_brand?post=68748"},{"taxonomy":"product_cat","embeddable":true,"href":"https:\/\/innocentiemangonipiante.it\/fr\/wp-json\/wp\/v2\/product_cat?post=68748"},{"taxonomy":"product_tag","embeddable":true,"href":"https:\/\/innocentiemangonipiante.it\/fr\/wp-json\/wp\/v2\/product_tag?post=68748"}],"curies":[{"name":"wp","href":"https:\/\/api.w.org\/{rel}","templated":true}]}}