{"id":68749,"date":"2026-01-07T15:40:35","date_gmt":"2026-01-07T14:40:35","guid":{"rendered":"https:\/\/innocentiemangonipiante.it\/phormium-tenax-lemon-spritzer\/"},"modified":"2026-01-07T20:37:50","modified_gmt":"2026-01-07T19:37:50","slug":"phormium-tenax-lemon-spritzer","status":"publish","type":"product","link":"https:\/\/innocentiemangonipiante.it\/fr\/phormium-tenax-lemon-spritzer\/","title":{"rendered":"PHORMIUM tenax &lsquo;Lemon Spritzer&rsquo; \u00ae"},"content":{"rendered":"<p>Il a un port compact et buissonnant avec un feuillage panach\u00e9 vert et jaune. Il atteint jusqu&rsquo;\u00e0 1 m\u00e8tre de hauteur et 80 cm de largeur. Bonne performance en plein soleil ou \u00e0 mi-ombre dans un sol bien drain\u00e9.<\/p>\n","protected":false},"excerpt":{"rendered":"<p>Il a un port compact et buissonnant avec un feuillage panach\u00e9 vert et jaune. Il atteint jusqu&rsquo;\u00e0 1 m\u00e8tre de hauteur et 80 cm de largeur. Bonne performance en plein soleil ou \u00e0 mi-ombre dans un sol bien drain\u00e9.<\/p>\n","protected":false},"featured_media":68014,"template":"","meta":{"_acf_changed":false},"product_brand":[],"product_cat":[8817],"product_tag":[10897],"class_list":{"0":"post-68749","1":"product","2":"type-product","3":"status-publish","4":"has-post-thumbnail","6":"product_cat-arbres-et-arbustes-persistants","7":"product_tag-naturelle","8":"pa_altezza-massima-100-fr","9":"pa_colore-delle-foglie-panachees","10":"pa_famiglia-agavaceae-phormaceae","11":"pa_genere-phormium-fr","12":"pa_origine-nouvelle-zelande-fr","13":"pa_portamento-eretto-fr","14":"pa_resistenza-climatica-plantes-avec-une-faible-resistance-climatique","15":"pa_salinita-resistance-a-la-salinisation","16":"pa_utilizzo-bordures","17":"pa_utilizzo-parcs","18":"pa_utilizzo-petits-jardins","20":"first","21":"instock","22":"purchasable","23":"product-type-simple"},"acf":[],"_links":{"self":[{"href":"https:\/\/innocentiemangonipiante.it\/fr\/wp-json\/wp\/v2\/product\/68749","targetHints":{"allow":["GET"]}}],"collection":[{"href":"https:\/\/innocentiemangonipiante.it\/fr\/wp-json\/wp\/v2\/product"}],"about":[{"href":"https:\/\/innocentiemangonipiante.it\/fr\/wp-json\/wp\/v2\/types\/product"}],"wp:featuredmedia":[{"embeddable":true,"href":"https:\/\/innocentiemangonipiante.it\/fr\/wp-json\/wp\/v2\/media\/68014"}],"wp:attachment":[{"href":"https:\/\/innocentiemangonipiante.it\/fr\/wp-json\/wp\/v2\/media?parent=68749"}],"wp:term":[{"taxonomy":"product_brand","embeddable":true,"href":"https:\/\/innocentiemangonipiante.it\/fr\/wp-json\/wp\/v2\/product_brand?post=68749"},{"taxonomy":"product_cat","embeddable":true,"href":"https:\/\/innocentiemangonipiante.it\/fr\/wp-json\/wp\/v2\/product_cat?post=68749"},{"taxonomy":"product_tag","embeddable":true,"href":"https:\/\/innocentiemangonipiante.it\/fr\/wp-json\/wp\/v2\/product_tag?post=68749"}],"curies":[{"name":"wp","href":"https:\/\/api.w.org\/{rel}","templated":true}]}}