{"id":68751,"date":"2026-01-07T15:41:12","date_gmt":"2026-01-07T14:41:12","guid":{"rendered":"https:\/\/innocentiemangonipiante.it\/pinus-nigra-oregon-green\/"},"modified":"2026-01-07T20:37:55","modified_gmt":"2026-01-07T19:37:55","slug":"pinus-nigra-oregon-green","status":"publish","type":"product","link":"https:\/\/innocentiemangonipiante.it\/fr\/pinus-nigra-oregon-green\/","title":{"rendered":"PINUS nigra &lsquo;Oregon Green&rsquo;"},"content":{"rendered":"<p>Une s\u00e9lection large et robuste de pin noir d\u2019Autriche avec une ramification asym\u00e9trique et des aiguilles brillantes de couleur vert fonc\u00e9 qui poussent contre la branche. Les nouveaux bourgeons sont dress\u00e9s et d\u2019une couleur blanche distinctive. Adapt\u00e9 aux petits jardins ou aux all\u00e9es des parcs.<\/p>\n","protected":false},"excerpt":{"rendered":"<p>Une s\u00e9lection large et robuste de pin noir d\u2019Autriche avec une ramification asym\u00e9trique et des aiguilles brillantes de couleur vert fonc\u00e9 qui poussent contre la branche. Les nouveaux bourgeons sont dress\u00e9s et d\u2019une couleur blanche distinctive. Adapt\u00e9 aux petits jardins ou aux all\u00e9es des parcs.<\/p>\n","protected":false},"featured_media":68036,"template":"","meta":{"_acf_changed":false},"product_brand":[],"product_cat":[8824],"product_tag":[10897],"class_list":{"0":"post-68751","1":"product","2":"type-product","3":"status-publish","4":"has-post-thumbnail","6":"product_cat-coniferes","7":"product_tag-naturelle","8":"pa_altezza-massima-500-fr","9":"pa_altezza-massima-600-fr","10":"pa_famiglia-pinaceae-fr","11":"pa_genere-pinus-fr","12":"pa_inquinamento-resistance-a-la-pollution","13":"pa_origine-origine-delle-piante-u-s-a","14":"pa_portamento-piramidale-fr","15":"pa_resistenza-climatica-tres-elevee","16":"pa_salinita-resistance-a-la-salinisation","17":"pa_utilizzo-avenues-fr","18":"pa_utilizzo-parcs","19":"pa_utilizzo-petits-jardins","21":"first","22":"instock","23":"purchasable","24":"product-type-simple"},"acf":[],"_links":{"self":[{"href":"https:\/\/innocentiemangonipiante.it\/fr\/wp-json\/wp\/v2\/product\/68751","targetHints":{"allow":["GET"]}}],"collection":[{"href":"https:\/\/innocentiemangonipiante.it\/fr\/wp-json\/wp\/v2\/product"}],"about":[{"href":"https:\/\/innocentiemangonipiante.it\/fr\/wp-json\/wp\/v2\/types\/product"}],"wp:featuredmedia":[{"embeddable":true,"href":"https:\/\/innocentiemangonipiante.it\/fr\/wp-json\/wp\/v2\/media\/68036"}],"wp:attachment":[{"href":"https:\/\/innocentiemangonipiante.it\/fr\/wp-json\/wp\/v2\/media?parent=68751"}],"wp:term":[{"taxonomy":"product_brand","embeddable":true,"href":"https:\/\/innocentiemangonipiante.it\/fr\/wp-json\/wp\/v2\/product_brand?post=68751"},{"taxonomy":"product_cat","embeddable":true,"href":"https:\/\/innocentiemangonipiante.it\/fr\/wp-json\/wp\/v2\/product_cat?post=68751"},{"taxonomy":"product_tag","embeddable":true,"href":"https:\/\/innocentiemangonipiante.it\/fr\/wp-json\/wp\/v2\/product_tag?post=68751"}],"curies":[{"name":"wp","href":"https:\/\/api.w.org\/{rel}","templated":true}]}}