{"id":68752,"date":"2026-01-07T15:41:31","date_gmt":"2026-01-07T14:41:31","guid":{"rendered":"https:\/\/innocentiemangonipiante.it\/pittosporum-tobira-x-heter-green-mound\/"},"modified":"2026-01-07T20:37:58","modified_gmt":"2026-01-07T19:37:58","slug":"pittosporum-tobira-x-heter-green-mound","status":"publish","type":"product","link":"https:\/\/innocentiemangonipiante.it\/fr\/pittosporum-tobira-x-heter-green-mound\/","title":{"rendered":"PITTOSPORUM tobira x heter &lsquo;Green Mound&rsquo; \u00ae"},"content":{"rendered":"<p>Arbuste persistant au port compact, avec des feuilles alternes, ovales et brillantes de couleur vert fonc\u00e9. Les fleurs sont en forme de cloche, de couleur blanc-jaune-verd\u00e2tre et tr\u00e8s parfum\u00e9es.<\/p>\n","protected":false},"excerpt":{"rendered":"<p>Arbuste persistant au port compact, avec des feuilles alternes, ovales et brillantes de couleur vert fonc\u00e9. Les fleurs sont en forme de cloche, de couleur blanc-jaune-verd\u00e2tre et tr\u00e8s parfum\u00e9es.<\/p>\n","protected":false},"featured_media":68052,"template":"","meta":{"_acf_changed":false},"product_brand":[],"product_cat":[8817],"product_tag":[10897],"class_list":{"0":"post-68752","1":"product","2":"type-product","3":"status-publish","4":"has-post-thumbnail","6":"product_cat-arbres-et-arbustes-persistants","7":"product_tag-naturelle","8":"pa_altezza-massima-100-fr","9":"pa_altezza-massima-150-fr","10":"pa_colore-fioritura-blanc","11":"pa_famiglia-pittosporaceae-fr","12":"pa_genere-pittosporum-fr","13":"pa_origine-france-fr","14":"pa_periodo-fioritura-juin","15":"pa_periodo-fioritura-mai","16":"pa_portamento-cespuglioso-fr","17":"pa_profumo-intense-fr","18":"pa_resistenza-climatica-plantes-avec-une-faible-resistance-climatique","19":"pa_salinita-resistance-a-la-salinisation","20":"pa_utilizzo-balcons","21":"pa_utilizzo-haies","22":"pa_utilizzo-petits-jardins","24":"first","25":"instock","26":"purchasable","27":"product-type-simple"},"acf":[],"_links":{"self":[{"href":"https:\/\/innocentiemangonipiante.it\/fr\/wp-json\/wp\/v2\/product\/68752","targetHints":{"allow":["GET"]}}],"collection":[{"href":"https:\/\/innocentiemangonipiante.it\/fr\/wp-json\/wp\/v2\/product"}],"about":[{"href":"https:\/\/innocentiemangonipiante.it\/fr\/wp-json\/wp\/v2\/types\/product"}],"wp:featuredmedia":[{"embeddable":true,"href":"https:\/\/innocentiemangonipiante.it\/fr\/wp-json\/wp\/v2\/media\/68052"}],"wp:attachment":[{"href":"https:\/\/innocentiemangonipiante.it\/fr\/wp-json\/wp\/v2\/media?parent=68752"}],"wp:term":[{"taxonomy":"product_brand","embeddable":true,"href":"https:\/\/innocentiemangonipiante.it\/fr\/wp-json\/wp\/v2\/product_brand?post=68752"},{"taxonomy":"product_cat","embeddable":true,"href":"https:\/\/innocentiemangonipiante.it\/fr\/wp-json\/wp\/v2\/product_cat?post=68752"},{"taxonomy":"product_tag","embeddable":true,"href":"https:\/\/innocentiemangonipiante.it\/fr\/wp-json\/wp\/v2\/product_tag?post=68752"}],"curies":[{"name":"wp","href":"https:\/\/api.w.org\/{rel}","templated":true}]}}