{"id":68753,"date":"2026-01-07T15:41:52","date_gmt":"2026-01-07T14:41:52","guid":{"rendered":"https:\/\/innocentiemangonipiante.it\/pittosporum-tenifolium-irish-luck\/"},"modified":"2026-01-07T20:38:01","modified_gmt":"2026-01-07T19:38:01","slug":"pittosporum-tenifolium-irish-luck","status":"publish","type":"product","link":"https:\/\/innocentiemangonipiante.it\/fr\/pittosporum-tenifolium-irish-luck\/","title":{"rendered":"PITTOSPORUM tenifolium &lsquo;Irish Luck&rsquo;"},"content":{"rendered":"<p>Arbuste persistant, dress\u00e9 et dense int\u00e8ressant pour son feuillage coriac\u00e8e, vert avec une l\u00e9g\u00e8re marge argent\u00e9e. Les nouvelles pousses sont vert mat, tandis que les jeunes feuilles sont brillantes.<\/p>\n","protected":false},"excerpt":{"rendered":"<p>Arbuste persistant, dress\u00e9 et dense int\u00e8ressant pour son feuillage coriac\u00e8e, vert avec une l\u00e9g\u00e8re marge argent\u00e9e. Les nouvelles pousses sont vert mat, tandis que les jeunes feuilles sont brillantes.<\/p>\n","protected":false},"featured_media":68068,"template":"","meta":{"_acf_changed":false},"product_brand":[],"product_cat":[8817],"product_tag":[10897],"class_list":{"0":"post-68753","1":"product","2":"type-product","3":"status-publish","4":"has-post-thumbnail","6":"product_cat-arbres-et-arbustes-persistants","7":"product_tag-naturelle","8":"pa_altezza-massima-250-fr","9":"pa_altezza-massima-300-fr-2","10":"pa_colore-delle-foglie-panachees","11":"pa_famiglia-pittosporaceae-fr","12":"pa_genere-pittosporum-fr","13":"pa_origine-nouvelle-zelande-fr","14":"pa_portamento-eretto-fr","15":"pa_resistenza-climatica-tres-faible","16":"pa_salinita-resistance-a-la-salinisation","17":"pa_utilizzo-haies","18":"pa_utilizzo-parcs","19":"pa_utilizzo-petits-jardins","21":"first","22":"instock","23":"purchasable","24":"product-type-simple"},"acf":[],"_links":{"self":[{"href":"https:\/\/innocentiemangonipiante.it\/fr\/wp-json\/wp\/v2\/product\/68753","targetHints":{"allow":["GET"]}}],"collection":[{"href":"https:\/\/innocentiemangonipiante.it\/fr\/wp-json\/wp\/v2\/product"}],"about":[{"href":"https:\/\/innocentiemangonipiante.it\/fr\/wp-json\/wp\/v2\/types\/product"}],"wp:featuredmedia":[{"embeddable":true,"href":"https:\/\/innocentiemangonipiante.it\/fr\/wp-json\/wp\/v2\/media\/68068"}],"wp:attachment":[{"href":"https:\/\/innocentiemangonipiante.it\/fr\/wp-json\/wp\/v2\/media?parent=68753"}],"wp:term":[{"taxonomy":"product_brand","embeddable":true,"href":"https:\/\/innocentiemangonipiante.it\/fr\/wp-json\/wp\/v2\/product_brand?post=68753"},{"taxonomy":"product_cat","embeddable":true,"href":"https:\/\/innocentiemangonipiante.it\/fr\/wp-json\/wp\/v2\/product_cat?post=68753"},{"taxonomy":"product_tag","embeddable":true,"href":"https:\/\/innocentiemangonipiante.it\/fr\/wp-json\/wp\/v2\/product_tag?post=68753"}],"curies":[{"name":"wp","href":"https:\/\/api.w.org\/{rel}","templated":true}]}}