{"id":68755,"date":"2026-01-07T15:43:10","date_gmt":"2026-01-07T14:43:10","guid":{"rendered":"https:\/\/innocentiemangonipiante.it\/pittosporum-tenuifolium-beach-ball\/"},"modified":"2026-01-07T20:38:08","modified_gmt":"2026-01-07T19:38:08","slug":"pittosporum-tenuifolium-beach-ball","status":"publish","type":"product","link":"https:\/\/innocentiemangonipiante.it\/fr\/pittosporum-tenuifolium-beach-ball\/","title":{"rendered":"PITTOSPORUM tenuifolium &lsquo;Beach Ball&rsquo; \u00ae"},"content":{"rendered":"<p>Vari\u00e9t\u00e9 naturellement globulaire n\u00e9cessitant peu de taille. Feuillage vert clair devenant vert-gris \u00e0 maturit\u00e9.<\/p>\n","protected":false},"excerpt":{"rendered":"<p>Vari\u00e9t\u00e9 naturellement globulaire n\u00e9cessitant peu de taille. Feuillage vert clair devenant vert-gris \u00e0 maturit\u00e9.<\/p>\n","protected":false},"featured_media":68115,"template":"","meta":{"_acf_changed":false},"product_brand":[],"product_cat":[8817],"product_tag":[10897],"class_list":{"0":"post-68755","1":"product","2":"type-product","3":"status-publish","4":"has-post-thumbnail","6":"product_cat-arbres-et-arbustes-persistants","7":"product_tag-naturelle","8":"pa_altezza-massima-0_80-metres","9":"pa_altezza-massima-100-fr","10":"pa_colore-fioritura-violet-fr","11":"pa_famiglia-pittosporaceae-fr","12":"pa_genere-pittosporum-fr","13":"pa_origine-nouvelle-zelande-fr","14":"pa_periodo-fioritura-juin","15":"pa_periodo-fioritura-mai","16":"pa_portamento-arrondi","17":"pa_profumo-intense-fr","18":"pa_resistenza-climatica-plantes-avec-une-faible-resistance-climatique","19":"pa_salinita-resistance-a-la-salinisation","20":"pa_utilizzo-bordures","21":"pa_utilizzo-haies","22":"pa_utilizzo-petits-jardins","24":"first","25":"instock","26":"purchasable","27":"product-type-simple"},"acf":[],"_links":{"self":[{"href":"https:\/\/innocentiemangonipiante.it\/fr\/wp-json\/wp\/v2\/product\/68755","targetHints":{"allow":["GET"]}}],"collection":[{"href":"https:\/\/innocentiemangonipiante.it\/fr\/wp-json\/wp\/v2\/product"}],"about":[{"href":"https:\/\/innocentiemangonipiante.it\/fr\/wp-json\/wp\/v2\/types\/product"}],"wp:featuredmedia":[{"embeddable":true,"href":"https:\/\/innocentiemangonipiante.it\/fr\/wp-json\/wp\/v2\/media\/68115"}],"wp:attachment":[{"href":"https:\/\/innocentiemangonipiante.it\/fr\/wp-json\/wp\/v2\/media?parent=68755"}],"wp:term":[{"taxonomy":"product_brand","embeddable":true,"href":"https:\/\/innocentiemangonipiante.it\/fr\/wp-json\/wp\/v2\/product_brand?post=68755"},{"taxonomy":"product_cat","embeddable":true,"href":"https:\/\/innocentiemangonipiante.it\/fr\/wp-json\/wp\/v2\/product_cat?post=68755"},{"taxonomy":"product_tag","embeddable":true,"href":"https:\/\/innocentiemangonipiante.it\/fr\/wp-json\/wp\/v2\/product_tag?post=68755"}],"curies":[{"name":"wp","href":"https:\/\/api.w.org\/{rel}","templated":true}]}}