{"id":68756,"date":"2026-01-07T15:48:06","date_gmt":"2026-01-07T14:48:06","guid":{"rendered":"https:\/\/innocentiemangonipiante.it\/podocarpus-macrophyllus-mood-ring\/"},"modified":"2026-01-07T20:38:12","modified_gmt":"2026-01-07T19:38:12","slug":"podocarpus-macrophyllus-mood-ring","status":"publish","type":"product","link":"https:\/\/innocentiemangonipiante.it\/fr\/podocarpus-macrophyllus-mood-ring\/","title":{"rendered":"PODOCARPUS macrophyllus &lsquo;Mood Ring&rsquo;"},"content":{"rendered":"<p>Arbuste dress\u00e9 et dense, avec un nouveau feuillage rouge bronze au printemps et en automne. Adapt\u00e9 aux massifs et haies, y compris comme brise-vent, il est \u00e0 la fois r\u00e9sistent au froid et tol\u00e9rant en plein soleil.<\/p>\n","protected":false},"excerpt":{"rendered":"<p>Arbuste dress\u00e9 et dense, avec un nouveau feuillage rouge bronze au printemps et en automne. Adapt\u00e9 aux massifs et haies, y compris comme brise-vent, il est \u00e0 la fois r\u00e9sistent au froid et tol\u00e9rant en plein soleil.<\/p>\n","protected":false},"featured_media":68191,"template":"","meta":{"_acf_changed":false},"product_brand":[],"product_cat":[8824],"product_tag":[10897],"class_list":{"0":"post-68756","1":"product","2":"type-product","3":"status-publish","4":"has-post-thumbnail","6":"product_cat-coniferes","7":"product_tag-naturelle","8":"pa_altezza-massima-0_50-metres","9":"pa_altezza-massima-500-fr","10":"pa_famiglia-podocarpaceae","11":"pa_genere-podocarpus","12":"pa_origine-japon","13":"pa_portamento-eretto-fr","14":"pa_resistenza-climatica-moyenne-elevee","15":"pa_utilizzo-balcons","16":"pa_utilizzo-haies","17":"pa_utilizzo-parcs","18":"pa_utilizzo-petits-jardins","20":"first","21":"instock","22":"purchasable","23":"product-type-simple"},"acf":[],"_links":{"self":[{"href":"https:\/\/innocentiemangonipiante.it\/fr\/wp-json\/wp\/v2\/product\/68756","targetHints":{"allow":["GET"]}}],"collection":[{"href":"https:\/\/innocentiemangonipiante.it\/fr\/wp-json\/wp\/v2\/product"}],"about":[{"href":"https:\/\/innocentiemangonipiante.it\/fr\/wp-json\/wp\/v2\/types\/product"}],"wp:featuredmedia":[{"embeddable":true,"href":"https:\/\/innocentiemangonipiante.it\/fr\/wp-json\/wp\/v2\/media\/68191"}],"wp:attachment":[{"href":"https:\/\/innocentiemangonipiante.it\/fr\/wp-json\/wp\/v2\/media?parent=68756"}],"wp:term":[{"taxonomy":"product_brand","embeddable":true,"href":"https:\/\/innocentiemangonipiante.it\/fr\/wp-json\/wp\/v2\/product_brand?post=68756"},{"taxonomy":"product_cat","embeddable":true,"href":"https:\/\/innocentiemangonipiante.it\/fr\/wp-json\/wp\/v2\/product_cat?post=68756"},{"taxonomy":"product_tag","embeddable":true,"href":"https:\/\/innocentiemangonipiante.it\/fr\/wp-json\/wp\/v2\/product_tag?post=68756"}],"curies":[{"name":"wp","href":"https:\/\/api.w.org\/{rel}","templated":true}]}}