{"id":68757,"date":"2026-01-07T15:49:06","date_gmt":"2026-01-07T14:49:06","guid":{"rendered":"https:\/\/innocentiemangonipiante.it\/prunus-laurocerasus-otto-supreme\/"},"modified":"2026-01-07T20:38:16","modified_gmt":"2026-01-07T19:38:16","slug":"prunus-laurocerasus-otto-supreme","status":"publish","type":"product","link":"https:\/\/innocentiemangonipiante.it\/fr\/prunus-laurocerasus-otto-supreme\/","title":{"rendered":"PRUNUS laurocerasus &lsquo;Otto Supreme&rsquo; \u00ae"},"content":{"rendered":"<p>Arbuste persistant avec des feuilles vert fonc\u00e9 et des fleurs blanches au printemps. Port \u00e9rig\u00e9, adapt\u00e9 aux petites haies ou en pot sur un balcon.<\/p>\n","protected":false},"excerpt":{"rendered":"<p>Arbuste persistant avec des feuilles vert fonc\u00e9 et des fleurs blanches au printemps. Port \u00e9rig\u00e9, adapt\u00e9 aux petites haies ou en pot sur un balcon.<\/p>\n","protected":false},"featured_media":68247,"template":"","meta":{"_acf_changed":false},"product_brand":[],"product_cat":[8812],"product_tag":[10897],"class_list":{"0":"post-68757","1":"product","2":"type-product","3":"status-publish","4":"has-post-thumbnail","6":"product_cat-arbres-et-arbustes-a-feuilles-caduques","7":"product_tag-naturelle","8":"pa_altezza-massima-150-fr","9":"pa_colore-fioritura-blanc","10":"pa_famiglia-rosaceae-fr","11":"pa_genere-prunus-fr","12":"pa_origine-hollande","13":"pa_periodo-fioritura-avril","14":"pa_periodo-fioritura-mars","15":"pa_portamento-eretto-fr","16":"pa_resistenza-climatica-tres-elevee","17":"pa_utilizzo-balcons","18":"pa_utilizzo-haies","19":"pa_utilizzo-parcs","20":"pa_utilizzo-petits-jardins","22":"first","23":"instock","24":"purchasable","25":"product-type-simple"},"acf":[],"_links":{"self":[{"href":"https:\/\/innocentiemangonipiante.it\/fr\/wp-json\/wp\/v2\/product\/68757","targetHints":{"allow":["GET"]}}],"collection":[{"href":"https:\/\/innocentiemangonipiante.it\/fr\/wp-json\/wp\/v2\/product"}],"about":[{"href":"https:\/\/innocentiemangonipiante.it\/fr\/wp-json\/wp\/v2\/types\/product"}],"wp:featuredmedia":[{"embeddable":true,"href":"https:\/\/innocentiemangonipiante.it\/fr\/wp-json\/wp\/v2\/media\/68247"}],"wp:attachment":[{"href":"https:\/\/innocentiemangonipiante.it\/fr\/wp-json\/wp\/v2\/media?parent=68757"}],"wp:term":[{"taxonomy":"product_brand","embeddable":true,"href":"https:\/\/innocentiemangonipiante.it\/fr\/wp-json\/wp\/v2\/product_brand?post=68757"},{"taxonomy":"product_cat","embeddable":true,"href":"https:\/\/innocentiemangonipiante.it\/fr\/wp-json\/wp\/v2\/product_cat?post=68757"},{"taxonomy":"product_tag","embeddable":true,"href":"https:\/\/innocentiemangonipiante.it\/fr\/wp-json\/wp\/v2\/product_tag?post=68757"}],"curies":[{"name":"wp","href":"https:\/\/api.w.org\/{rel}","templated":true}]}}