{"id":68758,"date":"2026-01-07T15:49:31","date_gmt":"2026-01-07T14:49:31","guid":{"rendered":"https:\/\/innocentiemangonipiante.it\/sarcococca-ruscifolia-dragons-gate\/"},"modified":"2026-01-07T20:38:19","modified_gmt":"2026-01-07T19:38:19","slug":"sarcococca-ruscifolia-dragons-gate","status":"publish","type":"product","link":"https:\/\/innocentiemangonipiante.it\/fr\/sarcococca-ruscifolia-dragons-gate\/","title":{"rendered":"SARCOCOCCA ruscifolia &lsquo;Dragon&rsquo;s Gate&rsquo;"},"content":{"rendered":"<p>Arbuste persistant avec des feuilles allong\u00e9es vert fonc\u00e9 et brillantes. La floraison hivernale parfum\u00e9e est suivie de baies rouges et luisantes. Plante de sous-bois n\u00e9cessitant de l\u2019ombre ou de la mi-ombre et peu d\u2019entretien.<\/p>\n","protected":false},"excerpt":{"rendered":"<p>Arbuste persistant avec des feuilles allong\u00e9es vert fonc\u00e9 et brillantes. La floraison hivernale parfum\u00e9e est suivie de baies rouges et luisantes. Plante de sous-bois n\u00e9cessitant de l\u2019ombre ou de la mi-ombre et peu d\u2019entretien.<\/p>\n","protected":false},"featured_media":68283,"template":"","meta":{"_acf_changed":false},"product_brand":[],"product_cat":[8817],"product_tag":[10897],"class_list":{"0":"post-68758","1":"product","2":"type-product","3":"status-publish","4":"has-post-thumbnail","6":"product_cat-arbres-et-arbustes-persistants","7":"product_tag-naturelle","8":"pa_altezza-massima-100-fr","9":"pa_colore-fioritura-blanc","10":"pa_famiglia-buxaceae-fr","11":"pa_genere-sarcococca-fr","12":"pa_origine-chine","13":"pa_periodo-fioritura-fevrier","14":"pa_periodo-fioritura-janvier","15":"pa_portamento-eretto-fr","16":"pa_profumo-intense-fr","17":"pa_resistenza-climatica-tres-elevee","18":"pa_utilizzo-parcs","19":"pa_utilizzo-petits-jardins","21":"first","22":"instock","23":"purchasable","24":"product-type-simple"},"acf":[],"_links":{"self":[{"href":"https:\/\/innocentiemangonipiante.it\/fr\/wp-json\/wp\/v2\/product\/68758","targetHints":{"allow":["GET"]}}],"collection":[{"href":"https:\/\/innocentiemangonipiante.it\/fr\/wp-json\/wp\/v2\/product"}],"about":[{"href":"https:\/\/innocentiemangonipiante.it\/fr\/wp-json\/wp\/v2\/types\/product"}],"wp:featuredmedia":[{"embeddable":true,"href":"https:\/\/innocentiemangonipiante.it\/fr\/wp-json\/wp\/v2\/media\/68283"}],"wp:attachment":[{"href":"https:\/\/innocentiemangonipiante.it\/fr\/wp-json\/wp\/v2\/media?parent=68758"}],"wp:term":[{"taxonomy":"product_brand","embeddable":true,"href":"https:\/\/innocentiemangonipiante.it\/fr\/wp-json\/wp\/v2\/product_brand?post=68758"},{"taxonomy":"product_cat","embeddable":true,"href":"https:\/\/innocentiemangonipiante.it\/fr\/wp-json\/wp\/v2\/product_cat?post=68758"},{"taxonomy":"product_tag","embeddable":true,"href":"https:\/\/innocentiemangonipiante.it\/fr\/wp-json\/wp\/v2\/product_tag?post=68758"}],"curies":[{"name":"wp","href":"https:\/\/api.w.org\/{rel}","templated":true}]}}