{"id":68759,"date":"2026-01-07T15:49:48","date_gmt":"2026-01-07T14:49:48","guid":{"rendered":"https:\/\/innocentiemangonipiante.it\/sciadopitys-verticillata-winter-green\/"},"modified":"2026-01-07T20:38:22","modified_gmt":"2026-01-07T19:38:22","slug":"sciadopitys-verticillata-winter-green","status":"publish","type":"product","link":"https:\/\/innocentiemangonipiante.it\/fr\/sciadopitys-verticillata-winter-green\/","title":{"rendered":"SCIADOPITYS verticillata &lsquo;Winter Green&rsquo;"},"content":{"rendered":"<p>Vari\u00e9t\u00e9 avec des aiguilles vert fonc\u00e9 et brillantes qui persistent en hiver.<\/p>\n","protected":false},"excerpt":{"rendered":"<p>Vari\u00e9t\u00e9 avec des aiguilles vert fonc\u00e9 et brillantes qui persistent en hiver.<\/p>\n","protected":false},"featured_media":68299,"template":"","meta":{"_acf_changed":false},"product_brand":[],"product_cat":[8824],"product_tag":[10897],"class_list":{"0":"post-68759","1":"product","2":"type-product","3":"status-publish","4":"has-post-thumbnail","6":"product_cat-coniferes","7":"product_tag-naturelle","8":"pa_altezza-massima-1000-fr-2","9":"pa_altezza-massima-20-metres","10":"pa_famiglia-sciadopityaceae-fr-2","11":"pa_genere-sciadopitys-fr","12":"pa_origine-origine-delle-piante-u-s-a","13":"pa_portamento-conico-fr","14":"pa_resistenza-climatica-tres-elevee","15":"pa_utilizzo-parcs","17":"first","18":"instock","19":"purchasable","20":"product-type-simple"},"acf":[],"_links":{"self":[{"href":"https:\/\/innocentiemangonipiante.it\/fr\/wp-json\/wp\/v2\/product\/68759","targetHints":{"allow":["GET"]}}],"collection":[{"href":"https:\/\/innocentiemangonipiante.it\/fr\/wp-json\/wp\/v2\/product"}],"about":[{"href":"https:\/\/innocentiemangonipiante.it\/fr\/wp-json\/wp\/v2\/types\/product"}],"wp:featuredmedia":[{"embeddable":true,"href":"https:\/\/innocentiemangonipiante.it\/fr\/wp-json\/wp\/v2\/media\/68299"}],"wp:attachment":[{"href":"https:\/\/innocentiemangonipiante.it\/fr\/wp-json\/wp\/v2\/media?parent=68759"}],"wp:term":[{"taxonomy":"product_brand","embeddable":true,"href":"https:\/\/innocentiemangonipiante.it\/fr\/wp-json\/wp\/v2\/product_brand?post=68759"},{"taxonomy":"product_cat","embeddable":true,"href":"https:\/\/innocentiemangonipiante.it\/fr\/wp-json\/wp\/v2\/product_cat?post=68759"},{"taxonomy":"product_tag","embeddable":true,"href":"https:\/\/innocentiemangonipiante.it\/fr\/wp-json\/wp\/v2\/product_tag?post=68759"}],"curies":[{"name":"wp","href":"https:\/\/api.w.org\/{rel}","templated":true}]}}