{"id":68761,"date":"2026-01-07T15:50:18","date_gmt":"2026-01-07T14:50:18","guid":{"rendered":"https:\/\/innocentiemangonipiante.it\/rhyncospermum-jasminoides-star-of-milano\/"},"modified":"2026-01-07T20:38:28","modified_gmt":"2026-01-07T19:38:28","slug":"rhyncospermum-jasminoides-star-of-milano","status":"publish","type":"product","link":"https:\/\/innocentiemangonipiante.it\/fr\/rhyncospermum-jasminoides-star-of-milano\/","title":{"rendered":"RHYNCOSPERMUM jasminoides &lsquo;Star of Milano&rsquo; \u00ae"},"content":{"rendered":"<p>Feuilles brillantes vert fonc\u00e9, panach\u00e9es de blanc cr\u00e8me. Longue floraison de mai \u00e0 septembre avec des fleurs roses parfum\u00e9es. Pr\u00e9f\u00e8re une exposition ensoleill\u00e9e et r\u00e9siste \u00e0 la s\u00e9cheresse.<\/p>\n","protected":false},"excerpt":{"rendered":"<p>Feuilles brillantes vert fonc\u00e9, panach\u00e9es de blanc cr\u00e8me. Longue floraison de mai \u00e0 septembre avec des fleurs roses parfum\u00e9es. Pr\u00e9f\u00e8re une exposition ensoleill\u00e9e et r\u00e9siste \u00e0 la s\u00e9cheresse.<\/p>\n","protected":false},"featured_media":68321,"template":"","meta":{"_acf_changed":false},"product_brand":[],"product_cat":[8836],"product_tag":[10897],"class_list":{"0":"post-68761","1":"product","2":"type-product","3":"status-publish","4":"has-post-thumbnail","6":"product_cat-lianes","7":"product_tag-naturelle","8":"pa_altezza-massima-200-fr","9":"pa_altezza-massima-300-fr-2","10":"pa_colore-delle-foglie-panachees","11":"pa_colore-fioritura-rose","12":"pa_famiglia-apocynaceae-fr","13":"pa_genere-rhyncospermum-fr","14":"pa_origine-japon","15":"pa_periodo-fioritura-aout","16":"pa_periodo-fioritura-juillet","17":"pa_periodo-fioritura-juin","18":"pa_periodo-fioritura-mai","19":"pa_periodo-fioritura-septembre","20":"pa_portamento-liane","21":"pa_profumo-intense-fr","22":"pa_resistenza-climatica-moyenne-elevee","23":"pa_utilizzo-balcons","24":"pa_utilizzo-parcs","25":"pa_utilizzo-petits-jardins","27":"first","28":"instock","29":"purchasable","30":"product-type-simple"},"acf":[],"_links":{"self":[{"href":"https:\/\/innocentiemangonipiante.it\/fr\/wp-json\/wp\/v2\/product\/68761","targetHints":{"allow":["GET"]}}],"collection":[{"href":"https:\/\/innocentiemangonipiante.it\/fr\/wp-json\/wp\/v2\/product"}],"about":[{"href":"https:\/\/innocentiemangonipiante.it\/fr\/wp-json\/wp\/v2\/types\/product"}],"wp:featuredmedia":[{"embeddable":true,"href":"https:\/\/innocentiemangonipiante.it\/fr\/wp-json\/wp\/v2\/media\/68321"}],"wp:attachment":[{"href":"https:\/\/innocentiemangonipiante.it\/fr\/wp-json\/wp\/v2\/media?parent=68761"}],"wp:term":[{"taxonomy":"product_brand","embeddable":true,"href":"https:\/\/innocentiemangonipiante.it\/fr\/wp-json\/wp\/v2\/product_brand?post=68761"},{"taxonomy":"product_cat","embeddable":true,"href":"https:\/\/innocentiemangonipiante.it\/fr\/wp-json\/wp\/v2\/product_cat?post=68761"},{"taxonomy":"product_tag","embeddable":true,"href":"https:\/\/innocentiemangonipiante.it\/fr\/wp-json\/wp\/v2\/product_tag?post=68761"}],"curies":[{"name":"wp","href":"https:\/\/api.w.org\/{rel}","templated":true}]}}