{"id":68763,"date":"2026-01-07T15:54:06","date_gmt":"2026-01-07T14:54:06","guid":{"rendered":"https:\/\/innocentiemangonipiante.it\/vitex-chicagoland-blues\/"},"modified":"2026-01-07T20:39:14","modified_gmt":"2026-01-07T19:39:14","slug":"vitex-chicagoland-blues","status":"publish","type":"product","link":"https:\/\/innocentiemangonipiante.it\/fr\/vitex-chicagoland-blues\/","title":{"rendered":"VITEX &lsquo;Chicagoland Blues&rsquo; \u00ae"},"content":{"rendered":"<p>Vari\u00e9t\u00e9 de forme arrondie et compacte. Fleurs exceptionnellement longues port\u00e9es sur des tiges noires. Extr\u00eamement r\u00e9sistante \u00e0 la s\u00e9cheresse  et au froid, facile \u00e0 entretenir.<\/p>\n","protected":false},"excerpt":{"rendered":"<p>Vari\u00e9t\u00e9 de forme arrondie et compacte. Fleurs exceptionnellement longues port\u00e9es sur des tiges noires. Extr\u00eamement r\u00e9sistante \u00e0 la s\u00e9cheresse et au froid, facile \u00e0 entretenir.<\/p>\n","protected":false},"featured_media":68433,"template":"","meta":{"_acf_changed":false},"product_brand":[],"product_cat":[8812],"product_tag":[10897],"class_list":{"0":"post-68763","1":"product","2":"type-product","3":"status-publish","4":"has-post-thumbnail","6":"product_cat-arbres-et-arbustes-a-feuilles-caduques","7":"product_tag-naturelle","8":"pa_altezza-massima-0_50-metres","9":"pa_altezza-massima-150-fr","10":"pa_colore-fioritura-violet-fr","11":"pa_famiglia-verbenaceae-fr","12":"pa_genere-vitex-fr","13":"pa_origine-origine-delle-piante-u-s-a","14":"pa_periodo-fioritura-aout","15":"pa_periodo-fioritura-juillet","16":"pa_portamento-arrondi","17":"pa_resistenza-climatica-moyenne-elevee","18":"pa_salinita-resistance-a-la-salinisation","19":"pa_utilizzo-bordures","20":"pa_utilizzo-petits-jardins","22":"first","23":"instock","24":"purchasable","25":"product-type-simple"},"acf":[],"_links":{"self":[{"href":"https:\/\/innocentiemangonipiante.it\/fr\/wp-json\/wp\/v2\/product\/68763","targetHints":{"allow":["GET"]}}],"collection":[{"href":"https:\/\/innocentiemangonipiante.it\/fr\/wp-json\/wp\/v2\/product"}],"about":[{"href":"https:\/\/innocentiemangonipiante.it\/fr\/wp-json\/wp\/v2\/types\/product"}],"wp:featuredmedia":[{"embeddable":true,"href":"https:\/\/innocentiemangonipiante.it\/fr\/wp-json\/wp\/v2\/media\/68433"}],"wp:attachment":[{"href":"https:\/\/innocentiemangonipiante.it\/fr\/wp-json\/wp\/v2\/media?parent=68763"}],"wp:term":[{"taxonomy":"product_brand","embeddable":true,"href":"https:\/\/innocentiemangonipiante.it\/fr\/wp-json\/wp\/v2\/product_brand?post=68763"},{"taxonomy":"product_cat","embeddable":true,"href":"https:\/\/innocentiemangonipiante.it\/fr\/wp-json\/wp\/v2\/product_cat?post=68763"},{"taxonomy":"product_tag","embeddable":true,"href":"https:\/\/innocentiemangonipiante.it\/fr\/wp-json\/wp\/v2\/product_tag?post=68763"}],"curies":[{"name":"wp","href":"https:\/\/api.w.org\/{rel}","templated":true}]}}