{"id":68764,"date":"2026-01-07T15:54:24","date_gmt":"2026-01-07T14:54:24","guid":{"rendered":"https:\/\/innocentiemangonipiante.it\/yucca-rostrata-french-flag\/"},"modified":"2026-01-07T20:39:17","modified_gmt":"2026-01-07T19:39:17","slug":"yucca-rostrata-french-flag","status":"publish","type":"product","link":"https:\/\/innocentiemangonipiante.it\/fr\/yucca-rostrata-french-flag\/","title":{"rendered":"YUCCA rostrata &lsquo;French Flag&rsquo;"},"content":{"rendered":"<p>Vari\u00e9t\u00e9 aux feuilles plus larges que l\u2019esp\u00e8ce type, de couleur bleu azur, dispos\u00e9es en une sph\u00e8re pouvant atteindre un m\u00e8tre de large.<\/p>\n","protected":false},"excerpt":{"rendered":"<p>Vari\u00e9t\u00e9 aux feuilles plus larges que l\u2019esp\u00e8ce type, de couleur bleu azur, dispos\u00e9es en une sph\u00e8re pouvant atteindre un m\u00e8tre de large.<\/p>\n","protected":false},"featured_media":68439,"template":"","meta":{"_acf_changed":false},"product_brand":[],"product_cat":[8833],"product_tag":[10897],"class_list":{"0":"post-68764","1":"product","2":"type-product","3":"status-publish","4":"has-post-thumbnail","6":"product_cat-palme-et-succulent","7":"product_tag-naturelle","8":"pa_altezza-massima-200-fr","9":"pa_altezza-massima-300-fr-2","10":"pa_colore-delle-foglie-bleu","11":"pa_colore-fioritura-blanc","12":"pa_famiglia-agavaceae-fr","13":"pa_genere-yucca-fr","14":"pa_inquinamento-resistance-a-la-pollution","15":"pa_origine-mexique","16":"pa_portamento-eretto-fr","17":"pa_profumo-intense-fr","18":"pa_resistenza-climatica-moyenne-elevee","19":"pa_utilizzo-parcs","20":"pa_utilizzo-petits-jardins","22":"first","23":"instock","24":"purchasable","25":"product-type-simple"},"acf":[],"_links":{"self":[{"href":"https:\/\/innocentiemangonipiante.it\/fr\/wp-json\/wp\/v2\/product\/68764","targetHints":{"allow":["GET"]}}],"collection":[{"href":"https:\/\/innocentiemangonipiante.it\/fr\/wp-json\/wp\/v2\/product"}],"about":[{"href":"https:\/\/innocentiemangonipiante.it\/fr\/wp-json\/wp\/v2\/types\/product"}],"wp:featuredmedia":[{"embeddable":true,"href":"https:\/\/innocentiemangonipiante.it\/fr\/wp-json\/wp\/v2\/media\/68439"}],"wp:attachment":[{"href":"https:\/\/innocentiemangonipiante.it\/fr\/wp-json\/wp\/v2\/media?parent=68764"}],"wp:term":[{"taxonomy":"product_brand","embeddable":true,"href":"https:\/\/innocentiemangonipiante.it\/fr\/wp-json\/wp\/v2\/product_brand?post=68764"},{"taxonomy":"product_cat","embeddable":true,"href":"https:\/\/innocentiemangonipiante.it\/fr\/wp-json\/wp\/v2\/product_cat?post=68764"},{"taxonomy":"product_tag","embeddable":true,"href":"https:\/\/innocentiemangonipiante.it\/fr\/wp-json\/wp\/v2\/product_tag?post=68764"}],"curies":[{"name":"wp","href":"https:\/\/api.w.org\/{rel}","templated":true}]}}