{"id":68765,"date":"2026-01-07T15:54:45","date_gmt":"2026-01-07T14:54:45","guid":{"rendered":"https:\/\/innocentiemangonipiante.it\/syringa-bloomerang-dark-purple\/"},"modified":"2026-01-07T20:39:20","modified_gmt":"2026-01-07T19:39:20","slug":"syringa-bloomerang-dark-purple","status":"publish","type":"product","link":"https:\/\/innocentiemangonipiante.it\/fr\/syringa-bloomerang-dark-purple\/","title":{"rendered":"SYRINGA bloomerang &lsquo;Dark Purple&rsquo; \u00ae"},"content":{"rendered":"<p>Vari\u00e9t\u00e9 remontante avec des fleurs d\u2019un violet intense en avril et \u00e0 la fin de l\u2019\u00e9t\u00e9. Les boutons violets fonc\u00e9s s\u2019ouvrent en parfumant l\u2019air pendant plusieurs semaines. R\u00e9sistante aux maladies et au plein soleil.<\/p>\n","protected":false},"excerpt":{"rendered":"<p>Vari\u00e9t\u00e9 remontante avec des fleurs d\u2019un violet intense en avril et \u00e0 la fin de l\u2019\u00e9t\u00e9. Les boutons violets fonc\u00e9s s\u2019ouvrent en parfumant l\u2019air pendant plusieurs semaines. R\u00e9sistante aux maladies et au plein soleil.<\/p>\n","protected":false},"featured_media":68450,"template":"","meta":{"_acf_changed":false},"product_brand":[],"product_cat":[8812],"product_tag":[10897],"class_list":{"0":"post-68765","1":"product","2":"type-product","3":"status-publish","4":"has-post-thumbnail","6":"product_cat-arbres-et-arbustes-a-feuilles-caduques","7":"product_tag-naturelle","8":"pa_altezza-massima-100-fr","9":"pa_altezza-massima-150-fr","10":"pa_colore-fioritura-violet-fr","11":"pa_famiglia-oleaceae-fr","12":"pa_genere-syringa-fr","13":"pa_origine-giappone","14":"pa_periodo-fioritura-avril","15":"pa_periodo-fioritura-mai","16":"pa_periodo-fioritura-septembre","17":"pa_portamento-arrondi","18":"pa_profumo-intense-fr","19":"pa_resistenza-climatica-tres-elevee","20":"pa_salinita-resistance-a-la-salinisation","21":"pa_utilizzo-bordures","22":"pa_utilizzo-parcs","23":"pa_utilizzo-petits-jardins","25":"first","26":"instock","27":"purchasable","28":"product-type-simple"},"acf":[],"_links":{"self":[{"href":"https:\/\/innocentiemangonipiante.it\/fr\/wp-json\/wp\/v2\/product\/68765","targetHints":{"allow":["GET"]}}],"collection":[{"href":"https:\/\/innocentiemangonipiante.it\/fr\/wp-json\/wp\/v2\/product"}],"about":[{"href":"https:\/\/innocentiemangonipiante.it\/fr\/wp-json\/wp\/v2\/types\/product"}],"wp:featuredmedia":[{"embeddable":true,"href":"https:\/\/innocentiemangonipiante.it\/fr\/wp-json\/wp\/v2\/media\/68450"}],"wp:attachment":[{"href":"https:\/\/innocentiemangonipiante.it\/fr\/wp-json\/wp\/v2\/media?parent=68765"}],"wp:term":[{"taxonomy":"product_brand","embeddable":true,"href":"https:\/\/innocentiemangonipiante.it\/fr\/wp-json\/wp\/v2\/product_brand?post=68765"},{"taxonomy":"product_cat","embeddable":true,"href":"https:\/\/innocentiemangonipiante.it\/fr\/wp-json\/wp\/v2\/product_cat?post=68765"},{"taxonomy":"product_tag","embeddable":true,"href":"https:\/\/innocentiemangonipiante.it\/fr\/wp-json\/wp\/v2\/product_tag?post=68765"}],"curies":[{"name":"wp","href":"https:\/\/api.w.org\/{rel}","templated":true}]}}