{"id":68766,"date":"2026-01-07T15:55:02","date_gmt":"2026-01-07T14:55:02","guid":{"rendered":"https:\/\/innocentiemangonipiante.it\/syringa-bloomerang-pink-perfume\/"},"modified":"2026-01-07T20:39:23","modified_gmt":"2026-01-07T19:39:23","slug":"syringa-bloomerang-pink-perfume","status":"publish","type":"product","link":"https:\/\/innocentiemangonipiante.it\/fr\/syringa-bloomerang-pink-perfume\/","title":{"rendered":"SYRINGA bloomerang &lsquo;Pink Perfume&rsquo; \u00ae"},"content":{"rendered":"<p>Vari\u00e9t\u00e9 remontante de juin \u00e0 octobre. R\u00e9sistante au froid et au soleil.<\/p>\n","protected":false},"excerpt":{"rendered":"<p>Vari\u00e9t\u00e9 remontante de juin \u00e0 octobre. R\u00e9sistante au froid et au soleil.<\/p>\n","protected":false},"featured_media":68466,"template":"","meta":{"_acf_changed":false},"product_brand":[],"product_cat":[8812],"product_tag":[10897],"class_list":{"0":"post-68766","1":"product","2":"type-product","3":"status-publish","4":"has-post-thumbnail","6":"product_cat-arbres-et-arbustes-a-feuilles-caduques","7":"product_tag-naturelle","8":"pa_altezza-massima-100-fr","9":"pa_altezza-massima-120-fr","10":"pa_colore-fioritura-rose","11":"pa_famiglia-oleaceae-fr","12":"pa_genere-syringa-fr","13":"pa_origine-giappone","14":"pa_periodo-fioritura-aout","15":"pa_periodo-fioritura-juillet","16":"pa_periodo-fioritura-juin","17":"pa_periodo-fioritura-octobre","18":"pa_periodo-fioritura-septembre","19":"pa_portamento-arrondi","20":"pa_profumo-intense-fr","21":"pa_resistenza-climatica-tres-elevee","22":"pa_salinita-resistance-a-la-salinisation","23":"pa_utilizzo-bordures","24":"pa_utilizzo-parcs","25":"pa_utilizzo-petits-jardins","27":"first","28":"instock","29":"purchasable","30":"product-type-simple"},"acf":[],"_links":{"self":[{"href":"https:\/\/innocentiemangonipiante.it\/fr\/wp-json\/wp\/v2\/product\/68766","targetHints":{"allow":["GET"]}}],"collection":[{"href":"https:\/\/innocentiemangonipiante.it\/fr\/wp-json\/wp\/v2\/product"}],"about":[{"href":"https:\/\/innocentiemangonipiante.it\/fr\/wp-json\/wp\/v2\/types\/product"}],"wp:featuredmedia":[{"embeddable":true,"href":"https:\/\/innocentiemangonipiante.it\/fr\/wp-json\/wp\/v2\/media\/68466"}],"wp:attachment":[{"href":"https:\/\/innocentiemangonipiante.it\/fr\/wp-json\/wp\/v2\/media?parent=68766"}],"wp:term":[{"taxonomy":"product_brand","embeddable":true,"href":"https:\/\/innocentiemangonipiante.it\/fr\/wp-json\/wp\/v2\/product_brand?post=68766"},{"taxonomy":"product_cat","embeddable":true,"href":"https:\/\/innocentiemangonipiante.it\/fr\/wp-json\/wp\/v2\/product_cat?post=68766"},{"taxonomy":"product_tag","embeddable":true,"href":"https:\/\/innocentiemangonipiante.it\/fr\/wp-json\/wp\/v2\/product_tag?post=68766"}],"curies":[{"name":"wp","href":"https:\/\/api.w.org\/{rel}","templated":true}]}}